{"id":2139,"date":"2025-10-21T10:32:04","date_gmt":"2025-10-21T09:32:04","guid":{"rendered":"https:\/\/medisolve.eu\/noticias-y-recursos\/"},"modified":"2026-02-13T12:41:30","modified_gmt":"2026-02-13T11:41:30","slug":"noticias-y-recursos","status":"publish","type":"page","link":"https:\/\/medisolve.eu\/es\/noticias-y-recursos\/","title":{"rendered":"Noticias y recursos"},"content":{"rendered":"\t\t<div data-elementor-type=\"wp-page\" data-elementor-id=\"2139\" class=\"elementor elementor-2139 elementor-72\" data-elementor-post-type=\"page\">\n\t\t\t\t<div class=\"elementor-element elementor-element-1ea5274 e-flex e-con-boxed e-con e-parent\" data-id=\"1ea5274\" data-element_type=\"container\" data-e-type=\"container\" data-settings=\"{&quot;background_background&quot;:&quot;classic&quot;}\">\n\t\t\t\t\t<div class=\"e-con-inner\">\n\t\t<div class=\"elementor-element elementor-element-8b4ea42 e-con-full e-flex e-con e-child\" data-id=\"8b4ea42\" data-element_type=\"container\" data-e-type=\"container\">\n\t\t\t\t<div class=\"elementor-element elementor-element-f5b5aac elementor-widget elementor-widget-heading\" data-id=\"f5b5aac\" data-element_type=\"widget\" data-e-type=\"widget\" data-widget_type=\"heading.default\">\n\t\t\t\t\t<h1 class=\"elementor-heading-title elementor-size-default\">Mantente actualizado<br>con Medisolve\n<\/h1>\t\t\t\t<\/div>\n\t\t\t\t<div class=\"elementor-element elementor-element-efaecd2 elementor-widget elementor-widget-text-editor\" data-id=\"efaecd2\" data-element_type=\"widget\" data-e-type=\"widget\" data-widget_type=\"text-editor.default\">\n\t\t\t\t\t\t\t\t\t<p><span style=\"font-weight: 400;\">En esta secci\u00f3n encontrar\u00e1s an\u00e1lisis, novedades y art\u00edculos de inter\u00e9s sobre el mundo de la salud digital y nuestras actividades.<\/span><\/p>\t\t\t\t\t\t\t\t<\/div>\n\t\t\t\t<\/div>\n\t\t\t\t\t<\/div>\n\t\t\t\t<\/div>\n\t\t<div class=\"elementor-element elementor-element-9eb7a51 e-flex e-con-boxed e-con e-parent\" data-id=\"9eb7a51\" data-element_type=\"container\" data-e-type=\"container\">\n\t\t\t\t\t<div class=\"e-con-inner\">\n\t\t<div class=\"elementor-element elementor-element-28935ad e-con-full e-flex e-con e-child\" data-id=\"28935ad\" data-element_type=\"container\" data-e-type=\"container\">\n\t\t\t\t<div class=\"elementor-element elementor-element-7f14e4b premium-blog-align-left elementor-widget elementor-widget-premium-addon-blog\" data-id=\"7f14e4b\" data-element_type=\"widget\" data-e-type=\"widget\" data-settings=\"{&quot;premium_blog_columns_number&quot;:&quot;100%&quot;,&quot;premium_blog_infinite_scroll&quot;:&quot;yes&quot;,&quot;filter_flag&quot;:&quot;cat&quot;,&quot;premium_blog_columns_number_tablet&quot;:&quot;100%&quot;,&quot;premium_blog_grid&quot;:&quot;yes&quot;,&quot;premium_blog_layout&quot;:&quot;even&quot;,&quot;premium_blog_columns_number_mobile&quot;:&quot;100%&quot;,&quot;scroll_to_offset&quot;:&quot;yes&quot;}\" data-widget_type=\"premium-addon-blog.default\">\n\t\t\t\t\t\n\t\t\t\t\t\t\t\n\n\t\t\t\t<div class=\"premium-blog-wrap  premium-blog-even\" data-page=\"2139\">\n\t\t\t\t\t\t\t\t\t<div class=\"premium-blog-post-outer-container noticias\" data-total=\"1\">\n\t\t\t<div class=\"premium-blog-post-container premium-blog-skin-side\">\n\t\t\t\t\t\t\t\t\t<div class=\"premium-blog-thumb-effect-wrapper\">\n\t\t\t\t\t\t<div class=\"premium-blog-thumbnail-container premium-blog-zoomin-effect\">\n\t\t\t\t\t\t\t<img fetchpriority=\"high\" decoding=\"async\" width=\"1200\" height=\"1588\" src=\"https:\/\/medisolve.eu\/wp-content\/uploads\/2026\/02\/CEDYT-V.jpg\" class=\"attachment-full size-full wp-image-2699\" alt=\"\" srcset=\"https:\/\/medisolve.eu\/wp-content\/uploads\/2026\/02\/CEDYT-V.jpg 1200w, https:\/\/medisolve.eu\/wp-content\/uploads\/2026\/02\/CEDYT-V-227x300.jpg 227w, https:\/\/medisolve.eu\/wp-content\/uploads\/2026\/02\/CEDYT-V-774x1024.jpg 774w, https:\/\/medisolve.eu\/wp-content\/uploads\/2026\/02\/CEDYT-V-768x1016.jpg 768w, https:\/\/medisolve.eu\/wp-content\/uploads\/2026\/02\/CEDYT-V-1161x1536.jpg 1161w\" sizes=\"(max-width: 1200px) 100vw, 1200px\" \/>\t\t\t\t\t\t<\/div>\n\t\t\t\t\t\t\t\t\t\t\t\t\t<div class=\"premium-blog-thumbnail-overlay\">\n\t\t\t\t\t\t\t\t<a class=\"elementor-icon\" href=\"https:\/\/medisolve.eu\/es\/medisolve-amplia-su-presencia-en-europa-con-la-adquisicion-de-cedyt-en-espana\/\" target=\"_self\"><\/a>\n\t\t\t\t\t\t\t<\/div>\n\n\t\t\t\t\t\t\t\t\t\t\t\t\t\t\t\t\t\t<\/div>\n\t\t\t\t\t\t\t\t\t\t\t\t<div class=\"premium-blog-content-wrapper \">\n\n\t\t\t\t\t<div class=\"premium-blog-inner-container\">\n\n\t\t\t\t\t\t\t\t\t\t\t\t\t<div class=\"premium-blog-cats-container\">\n\t\t\t\t\t\t\t\t<ul class=\"post-categories\">\n\t\t\t\t\t\t\t\t\t<li><a href=\"https:\/\/medisolve.eu\/es\/category\/noticias\/\" class=\"elementor-repeater-item-91a2a3d\">Noticias<\/a><\/li>\t\t\t\t\t\t\t\t<\/ul>\n\t\t\t\t\t\t\t<\/div>\n\t\t\t\t\t\t\t\t\t\t\t\t\t\t<h2 class=\"premium-blog-entry-title\">\n\t\t\t<a href=\"https:\/\/medisolve.eu\/es\/medisolve-amplia-su-presencia-en-europa-con-la-adquisicion-de-cedyt-en-espana\/\" target=\"_self\">\n\t\t\t\tMedisolve ampl\u00eda su presencia en Europa con la adquisici\u00f3n de CEDYT en Espa\u00f1a\t\t\t<\/a>\n\t\t<\/h2>\n\t\t\t\t<div class=\"premium-blog-entry-meta\">\n\t\t\t\n\t\t\t\t\t\t\t<span class=\"premium-blog-meta-separator\">\u2022<\/span>\n\t\t\t\t<div class=\"premium-blog-post-time premium-blog-meta-data\">\n\t\t\t\t\t<i class=\"fa fa-calendar-alt\" aria-hidden=\"true\"><\/i>\n\t\t\t\t\t<span>2 de marzo de 2026<\/span>\n\t\t\t\t<\/div>\n\t\t\t\n\t\t\t\n\t\t\t\t\t<\/div>\n\t\t\n\t\t\t\t\t<\/div>\n\n\t\t\t\t\t\t\t<div class=\"premium-blog-content-inner-wrapper\">\n\t\t<p class=\"premium-blog-post-content\">Nace MediSolve, actor europeo de los servicios para el Healthcare con volumen de negiocios de 170 millones de euros, y \u2026<\/p>\t\t<\/div>\n\t\t\t\t\t\t\t\n\t\t\t\t<\/div>\n\t\t\t<\/div>\n\t\t<\/div>\n\n\t\t\t\t<div class=\"premium-blog-post-outer-container noticias\" data-total=\"1\">\n\t\t\t<div class=\"premium-blog-post-container premium-blog-skin-side\">\n\t\t\t\t\t\t\t\t\t<div class=\"premium-blog-thumb-effect-wrapper\">\n\t\t\t\t\t\t<div class=\"premium-blog-thumbnail-container premium-blog-zoomin-effect\">\n\t\t\t\t\t\t\t<img decoding=\"async\" width=\"1200\" height=\"1588\" src=\"https:\/\/medisolve.eu\/wp-content\/uploads\/2025\/10\/accademy.jpg\" class=\"attachment-full size-full wp-image-2134\" alt=\"\" srcset=\"https:\/\/medisolve.eu\/wp-content\/uploads\/2025\/10\/accademy.jpg 1200w, https:\/\/medisolve.eu\/wp-content\/uploads\/2025\/10\/accademy-227x300.jpg 227w, https:\/\/medisolve.eu\/wp-content\/uploads\/2025\/10\/accademy-774x1024.jpg 774w, https:\/\/medisolve.eu\/wp-content\/uploads\/2025\/10\/accademy-768x1016.jpg 768w, https:\/\/medisolve.eu\/wp-content\/uploads\/2025\/10\/accademy-1161x1536.jpg 1161w\" sizes=\"(max-width: 1200px) 100vw, 1200px\" \/>\t\t\t\t\t\t<\/div>\n\t\t\t\t\t\t\t\t\t\t\t\t\t<div class=\"premium-blog-thumbnail-overlay\">\n\t\t\t\t\t\t\t\t<a class=\"elementor-icon\" href=\"https:\/\/medisolve.eu\/es\/academy-un-espacio-de-comparticion-y-desarrollo-continuo-dentro-de-la-empresa\/\" target=\"_self\"><\/a>\n\t\t\t\t\t\t\t<\/div>\n\n\t\t\t\t\t\t\t\t\t\t\t\t\t\t\t\t\t\t<\/div>\n\t\t\t\t\t\t\t\t\t\t\t\t<div class=\"premium-blog-content-wrapper \">\n\n\t\t\t\t\t<div class=\"premium-blog-inner-container\">\n\n\t\t\t\t\t\t\t\t\t\t\t\t\t<div class=\"premium-blog-cats-container\">\n\t\t\t\t\t\t\t\t<ul class=\"post-categories\">\n\t\t\t\t\t\t\t\t\t<li><a href=\"https:\/\/medisolve.eu\/es\/category\/noticias\/\" class=\"elementor-repeater-item-91a2a3d\">Noticias<\/a><\/li>\t\t\t\t\t\t\t\t<\/ul>\n\t\t\t\t\t\t\t<\/div>\n\t\t\t\t\t\t\t\t\t\t\t\t\t\t<h2 class=\"premium-blog-entry-title\">\n\t\t\t<a href=\"https:\/\/medisolve.eu\/es\/academy-un-espacio-de-comparticion-y-desarrollo-continuo-dentro-de-la-empresa\/\" target=\"_self\">\n\t\t\t\tAcademy: un espacio de compartici\u00f3n y desarrollo continuo dentro de la empresa\t\t\t<\/a>\n\t\t<\/h2>\n\t\t\t\t<div class=\"premium-blog-entry-meta\">\n\t\t\t\n\t\t\t\t\t\t\t<span class=\"premium-blog-meta-separator\">\u2022<\/span>\n\t\t\t\t<div class=\"premium-blog-post-time premium-blog-meta-data\">\n\t\t\t\t\t<i class=\"fa fa-calendar-alt\" aria-hidden=\"true\"><\/i>\n\t\t\t\t\t<span>23 de octubre de 2025<\/span>\n\t\t\t\t<\/div>\n\t\t\t\n\t\t\t\n\t\t\t\t\t<\/div>\n\t\t\n\t\t\t\t\t<\/div>\n\n\t\t\t\t\t\t\t<div class=\"premium-blog-content-inner-wrapper\">\n\t\t<p class=\"premium-blog-post-content\">Un recorrido formativo completo dise\u00f1ado para acompa\u00f1ar a los t\u00e9cnicos en su crecimiento profesional y en el desarrollo de competencias \u2026<\/p>\t\t<\/div>\n\t\t\t\t\t\t\t\n\t\t\t\t<\/div>\n\t\t\t<\/div>\n\t\t<\/div>\n\n\t\t\t\t<div class=\"premium-blog-post-outer-container noticias\" data-total=\"1\">\n\t\t\t<div class=\"premium-blog-post-container premium-blog-skin-side\">\n\t\t\t\t\t\t\t\t\t<div class=\"premium-blog-thumb-effect-wrapper\">\n\t\t\t\t\t\t<div class=\"premium-blog-thumbnail-container premium-blog-zoomin-effect\">\n\t\t\t\t\t\t\t<img decoding=\"async\" width=\"531\" height=\"838\" src=\"https:\/\/medisolve.eu\/wp-content\/uploads\/2025\/10\/Tavola-disegno-4-80-4.jpg\" class=\"attachment-full size-full wp-image-2135\" alt=\"\" srcset=\"https:\/\/medisolve.eu\/wp-content\/uploads\/2025\/10\/Tavola-disegno-4-80-4.jpg 531w, https:\/\/medisolve.eu\/wp-content\/uploads\/2025\/10\/Tavola-disegno-4-80-4-190x300.jpg 190w\" sizes=\"(max-width: 531px) 100vw, 531px\" \/>\t\t\t\t\t\t<\/div>\n\t\t\t\t\t\t\t\t\t\t\t\t\t<div class=\"premium-blog-thumbnail-overlay\">\n\t\t\t\t\t\t\t\t<a class=\"elementor-icon\" href=\"https:\/\/medisolve.eu\/es\/sincronis-adquiere-logic-s-r-l-y-amplia-su-gama-de-servicios\/\" target=\"_self\"><\/a>\n\t\t\t\t\t\t\t<\/div>\n\n\t\t\t\t\t\t\t\t\t\t\t\t\t\t\t\t\t\t<\/div>\n\t\t\t\t\t\t\t\t\t\t\t\t<div class=\"premium-blog-content-wrapper \">\n\n\t\t\t\t\t<div class=\"premium-blog-inner-container\">\n\n\t\t\t\t\t\t\t\t\t\t\t\t\t<div class=\"premium-blog-cats-container\">\n\t\t\t\t\t\t\t\t<ul class=\"post-categories\">\n\t\t\t\t\t\t\t\t\t<li><a href=\"https:\/\/medisolve.eu\/es\/category\/noticias\/\" class=\"elementor-repeater-item-91a2a3d\">Noticias<\/a><\/li>\t\t\t\t\t\t\t\t<\/ul>\n\t\t\t\t\t\t\t<\/div>\n\t\t\t\t\t\t\t\t\t\t\t\t\t\t<h2 class=\"premium-blog-entry-title\">\n\t\t\t<a href=\"https:\/\/medisolve.eu\/es\/sincronis-adquiere-logic-s-r-l-y-amplia-su-gama-de-servicios\/\" target=\"_self\">\n\t\t\t\tSincronis adquiere Logic S.r.l. y ampl\u00eda su gama de servicios\t\t\t<\/a>\n\t\t<\/h2>\n\t\t\t\t<div class=\"premium-blog-entry-meta\">\n\t\t\t\n\t\t\t\t\t\t\t<span class=\"premium-blog-meta-separator\">\u2022<\/span>\n\t\t\t\t<div class=\"premium-blog-post-time premium-blog-meta-data\">\n\t\t\t\t\t<i class=\"fa fa-calendar-alt\" aria-hidden=\"true\"><\/i>\n\t\t\t\t\t<span>18 de septiembre de 2025<\/span>\n\t\t\t\t<\/div>\n\t\t\t\n\t\t\t\n\t\t\t\t\t<\/div>\n\t\t\n\t\t\t\t\t<\/div>\n\n\t\t\t\t\t\t\t<div class=\"premium-blog-content-inner-wrapper\">\n\t\t<p class=\"premium-blog-post-content\">Mil\u00e1n, 1 de septiembre de 2025 \u2013 Sincronis S.r.l. del Grupo Polygon es l\u00edder a nivel europeo en mantenimientos especializados \u2026<\/p>\t\t<\/div>\n\t\t\t\t\t\t\t\n\t\t\t\t<\/div>\n\t\t\t<\/div>\n\t\t<\/div>\n\n\t\t\t\t<div class=\"premium-blog-post-outer-container noticias\" data-total=\"1\">\n\t\t\t<div class=\"premium-blog-post-container premium-blog-skin-side\">\n\t\t\t\t\t\t\t\t\t<div class=\"premium-blog-thumb-effect-wrapper\">\n\t\t\t\t\t\t<div class=\"premium-blog-thumbnail-container premium-blog-zoomin-effect\">\n\t\t\t\t\t\t\t<img loading=\"lazy\" decoding=\"async\" width=\"531\" height=\"838\" src=\"https:\/\/medisolve.eu\/wp-content\/uploads\/2025\/10\/Tavola-disegno-4-copia-80.jpg\" class=\"attachment-full size-full wp-image-2136\" alt=\"\" srcset=\"https:\/\/medisolve.eu\/wp-content\/uploads\/2025\/10\/Tavola-disegno-4-copia-80.jpg 531w, https:\/\/medisolve.eu\/wp-content\/uploads\/2025\/10\/Tavola-disegno-4-copia-80-190x300.jpg 190w\" sizes=\"(max-width: 531px) 100vw, 531px\" \/>\t\t\t\t\t\t<\/div>\n\t\t\t\t\t\t\t\t\t\t\t\t\t<div class=\"premium-blog-thumbnail-overlay\">\n\t\t\t\t\t\t\t\t<a class=\"elementor-icon\" href=\"https:\/\/medisolve.eu\/es\/polygon-spa-adquiere-hce\/\" target=\"_self\"><\/a>\n\t\t\t\t\t\t\t<\/div>\n\n\t\t\t\t\t\t\t\t\t\t\t\t\t\t\t\t\t\t<\/div>\n\t\t\t\t\t\t\t\t\t\t\t\t<div class=\"premium-blog-content-wrapper \">\n\n\t\t\t\t\t<div class=\"premium-blog-inner-container\">\n\n\t\t\t\t\t\t\t\t\t\t\t\t\t<div class=\"premium-blog-cats-container\">\n\t\t\t\t\t\t\t\t<ul class=\"post-categories\">\n\t\t\t\t\t\t\t\t\t<li><a href=\"https:\/\/medisolve.eu\/es\/category\/noticias\/\" class=\"elementor-repeater-item-91a2a3d\">Noticias<\/a><\/li>\t\t\t\t\t\t\t\t<\/ul>\n\t\t\t\t\t\t\t<\/div>\n\t\t\t\t\t\t\t\t\t\t\t\t\t\t<h2 class=\"premium-blog-entry-title\">\n\t\t\t<a href=\"https:\/\/medisolve.eu\/es\/polygon-spa-adquiere-hce\/\" target=\"_self\">\n\t\t\t\tPolygon Spa adquiere HCE\t\t\t<\/a>\n\t\t<\/h2>\n\t\t\t\t<div class=\"premium-blog-entry-meta\">\n\t\t\t\n\t\t\t\t\t\t\t<span class=\"premium-blog-meta-separator\">\u2022<\/span>\n\t\t\t\t<div class=\"premium-blog-post-time premium-blog-meta-data\">\n\t\t\t\t\t<i class=\"fa fa-calendar-alt\" aria-hidden=\"true\"><\/i>\n\t\t\t\t\t<span>31 de marzo de 2025<\/span>\n\t\t\t\t<\/div>\n\t\t\t\n\t\t\t\n\t\t\t\t\t<\/div>\n\t\t\n\t\t\t\t\t<\/div>\n\n\t\t\t\t\t\t\t<div class=\"premium-blog-content-inner-wrapper\">\n\t\t<p class=\"premium-blog-post-content\">Mil\u00e1n, marzo de 2025 \u2013 Polygon Group (propiedad de HIG Capital), l\u00edder europeo en el sector de la gesti\u00f3n integrada \u2026<\/p>\t\t<\/div>\n\t\t\t\t\t\t\t\n\t\t\t\t<\/div>\n\t\t\t<\/div>\n\t\t<\/div>\n\n\t\t\t\t\t\t\t<\/div>\n\n\t\t\n\t\t\n\t\t\t\t\t\t<\/div>\n\t\t<div class=\"elementor-element elementor-element-bf91f86 e-con-full e-flex e-con e-child\" data-id=\"bf91f86\" data-element_type=\"container\" data-e-type=\"container\">\n\t\t\t\t<div class=\"elementor-element elementor-element-c2f7bbc elementor-widget elementor-widget-image\" data-id=\"c2f7bbc\" data-element_type=\"widget\" data-e-type=\"widget\" data-widget_type=\"image.default\">\n\t\t\t\t\t\t\t\t\t\t\t\t\t\t\t<img loading=\"lazy\" decoding=\"async\" width=\"1024\" height=\"433\" src=\"https:\/\/medisolve.eu\/wp-content\/uploads\/2025\/10\/0-1024x433.jpg\" class=\"attachment-large size-large wp-image-2138\" alt=\"\" srcset=\"https:\/\/medisolve.eu\/wp-content\/uploads\/2025\/10\/0-1024x433.jpg 1024w, https:\/\/medisolve.eu\/wp-content\/uploads\/2025\/10\/0-300x127.jpg 300w, https:\/\/medisolve.eu\/wp-content\/uploads\/2025\/10\/0-768x325.jpg 768w, https:\/\/medisolve.eu\/wp-content\/uploads\/2025\/10\/0.jpg 1170w\" sizes=\"(max-width: 1024px) 100vw, 1024px\" \/>\t\t\t\t\t\t\t\t\t\t\t\t\t\t\t<\/div>\n\t\t\t\t<\/div>\n\t\t\t\t<\/div>\n\t\t\t\t\t<\/div>\n\t\t\t\t<\/div>\n\t\t\t\t<\/div>\n\t\t","protected":false},"excerpt":{"rendered":"<p>Mantente actualizadocon Medisolve En esta secci\u00f3n encontrar\u00e1s an\u00e1lisis, novedades y art\u00edculos de inter\u00e9s sobre el mundo de la salud digital [&hellip;]<\/p>\n","protected":false},"author":1,"featured_media":0,"parent":0,"menu_order":0,"comment_status":"closed","ping_status":"closed","template":"","meta":{"site-sidebar-layout":"no-sidebar","site-content-layout":"","ast-site-content-layout":"full-width-container","site-content-style":"default","site-sidebar-style":"default","ast-global-header-display":"disabled","ast-banner-title-visibility":"disabled","ast-main-header-display":"","ast-hfb-above-header-display":"","ast-hfb-below-header-display":"","ast-hfb-mobile-header-display":"","site-post-title":"","ast-breadcrumbs-content":"","ast-featured-img":"disabled","footer-sml-layout":"disabled","ast-disable-related-posts":"","theme-transparent-header-meta":"","adv-header-id-meta":"","stick-header-meta":"","header-above-stick-meta":"","header-main-stick-meta":"","header-below-stick-meta":"","astra-migrate-meta-layouts":"default","ast-page-background-enabled":"default","ast-page-background-meta":{"desktop":{"background-color":"var(--ast-global-color-5)","background-image":"","background-repeat":"repeat","background-position":"center center","background-size":"auto","background-attachment":"scroll","background-type":"","background-media":"","overlay-type":"","overlay-color":"","overlay-opacity":"","overlay-gradient":""},"tablet":{"background-color":"","background-image":"","background-repeat":"repeat","background-position":"center center","background-size":"auto","background-attachment":"scroll","background-type":"","background-media":"","overlay-type":"","overlay-color":"","overlay-opacity":"","overlay-gradient":""},"mobile":{"background-color":"","background-image":"","background-repeat":"repeat","background-position":"center center","background-size":"auto","background-attachment":"scroll","background-type":"","background-media":"","overlay-type":"","overlay-color":"","overlay-opacity":"","overlay-gradient":""}},"ast-content-background-meta":{"desktop":{"background-color":"var(--ast-global-color-4)","background-image":"","background-repeat":"repeat","background-position":"center center","background-size":"auto","background-attachment":"scroll","background-type":"","background-media":"","overlay-type":"","overlay-color":"","overlay-opacity":"","overlay-gradient":""},"tablet":{"background-color":"var(--ast-global-color-4)","background-image":"","background-repeat":"repeat","background-position":"center center","background-size":"auto","background-attachment":"scroll","background-type":"","background-media":"","overlay-type":"","overlay-color":"","overlay-opacity":"","overlay-gradient":""},"mobile":{"background-color":"var(--ast-global-color-4)","background-image":"","background-repeat":"repeat","background-position":"center center","background-size":"auto","background-attachment":"scroll","background-type":"","background-media":"","overlay-type":"","overlay-color":"","overlay-opacity":"","overlay-gradient":""}},"footnotes":""},"class_list":["post-2139","page","type-page","status-publish","hentry"],"yoast_head":"<!-- This site is optimized with the Yoast SEO plugin v27.5 - https:\/\/yoast.com\/product\/yoast-seo-wordpress\/ -->\n<title>Noticias y recursos - Medisolve - Health tech solutions<\/title>\n<meta name=\"robots\" content=\"index, follow, max-snippet:-1, max-image-preview:large, max-video-preview:-1\" \/>\n<link rel=\"canonical\" href=\"https:\/\/medisolve.eu\/es\/noticias-y-recursos\/\" \/>\n<meta property=\"og:locale\" content=\"es_ES\" \/>\n<meta property=\"og:type\" content=\"article\" \/>\n<meta property=\"og:title\" content=\"Noticias y recursos - Medisolve - Health tech solutions\" \/>\n<meta property=\"og:description\" content=\"Mantente actualizadocon Medisolve En esta secci\u00f3n encontrar\u00e1s an\u00e1lisis, novedades y art\u00edculos de inter\u00e9s sobre el mundo de la salud digital [&hellip;]\" \/>\n<meta property=\"og:url\" content=\"https:\/\/medisolve.eu\/es\/noticias-y-recursos\/\" \/>\n<meta property=\"og:site_name\" content=\"Medisolve - Health tech solutions\" \/>\n<meta property=\"article:modified_time\" content=\"2026-02-13T11:41:30+00:00\" \/>\n<meta property=\"og:image\" content=\"https:\/\/medisolve.eu\/wp-content\/uploads\/2025\/10\/accademy.jpg\" \/>\n<meta name=\"twitter:card\" content=\"summary_large_image\" \/>\n<meta name=\"twitter:label1\" content=\"Tiempo de lectura\" \/>\n\t<meta name=\"twitter:data1\" content=\"1 minuto\" \/>\n<script type=\"application\/ld+json\" class=\"yoast-schema-graph\">{\"@context\":\"https:\\\/\\\/schema.org\",\"@graph\":[{\"@type\":\"WebPage\",\"@id\":\"https:\\\/\\\/medisolve.eu\\\/es\\\/noticias-y-recursos\\\/\",\"url\":\"https:\\\/\\\/medisolve.eu\\\/es\\\/noticias-y-recursos\\\/\",\"name\":\"Noticias y recursos - Medisolve - Health tech solutions\",\"isPartOf\":{\"@id\":\"https:\\\/\\\/medisolve.eu\\\/es\\\/#website\"},\"primaryImageOfPage\":{\"@id\":\"https:\\\/\\\/medisolve.eu\\\/es\\\/noticias-y-recursos\\\/#primaryimage\"},\"image\":{\"@id\":\"https:\\\/\\\/medisolve.eu\\\/es\\\/noticias-y-recursos\\\/#primaryimage\"},\"thumbnailUrl\":\"https:\\\/\\\/medisolve.eu\\\/wp-content\\\/uploads\\\/2025\\\/10\\\/accademy.jpg\",\"datePublished\":\"2025-10-21T09:32:04+00:00\",\"dateModified\":\"2026-02-13T11:41:30+00:00\",\"breadcrumb\":{\"@id\":\"https:\\\/\\\/medisolve.eu\\\/es\\\/noticias-y-recursos\\\/#breadcrumb\"},\"inLanguage\":\"es\",\"potentialAction\":[{\"@type\":\"ReadAction\",\"target\":[\"https:\\\/\\\/medisolve.eu\\\/es\\\/noticias-y-recursos\\\/\"]}]},{\"@type\":\"ImageObject\",\"inLanguage\":\"es\",\"@id\":\"https:\\\/\\\/medisolve.eu\\\/es\\\/noticias-y-recursos\\\/#primaryimage\",\"url\":\"https:\\\/\\\/medisolve.eu\\\/wp-content\\\/uploads\\\/2025\\\/10\\\/accademy.jpg\",\"contentUrl\":\"https:\\\/\\\/medisolve.eu\\\/wp-content\\\/uploads\\\/2025\\\/10\\\/accademy.jpg\"},{\"@type\":\"BreadcrumbList\",\"@id\":\"https:\\\/\\\/medisolve.eu\\\/es\\\/noticias-y-recursos\\\/#breadcrumb\",\"itemListElement\":[{\"@type\":\"ListItem\",\"position\":1,\"name\":\"Home\",\"item\":\"https:\\\/\\\/medisolve.eu\\\/es\\\/\"},{\"@type\":\"ListItem\",\"position\":2,\"name\":\"Noticias y recursos\"}]},{\"@type\":\"WebSite\",\"@id\":\"https:\\\/\\\/medisolve.eu\\\/es\\\/#website\",\"url\":\"https:\\\/\\\/medisolve.eu\\\/es\\\/\",\"name\":\"Medisolve - Health tech solutions\",\"description\":\"\",\"publisher\":{\"@id\":\"https:\\\/\\\/medisolve.eu\\\/es\\\/#organization\"},\"potentialAction\":[{\"@type\":\"SearchAction\",\"target\":{\"@type\":\"EntryPoint\",\"urlTemplate\":\"https:\\\/\\\/medisolve.eu\\\/es\\\/?s={search_term_string}\"},\"query-input\":{\"@type\":\"PropertyValueSpecification\",\"valueRequired\":true,\"valueName\":\"search_term_string\"}}],\"inLanguage\":\"es\"},{\"@type\":\"Organization\",\"@id\":\"https:\\\/\\\/medisolve.eu\\\/es\\\/#organization\",\"name\":\"Medisolve - Health tech solutions\",\"url\":\"https:\\\/\\\/medisolve.eu\\\/es\\\/\",\"logo\":{\"@type\":\"ImageObject\",\"inLanguage\":\"es\",\"@id\":\"https:\\\/\\\/medisolve.eu\\\/es\\\/#\\\/schema\\\/logo\\\/image\\\/\",\"url\":\"https:\\\/\\\/medisolve.eu\\\/wp-content\\\/uploads\\\/2025\\\/10\\\/cropped-logo-2.png\",\"contentUrl\":\"https:\\\/\\\/medisolve.eu\\\/wp-content\\\/uploads\\\/2025\\\/10\\\/cropped-logo-2.png\",\"width\":1591,\"height\":253,\"caption\":\"Medisolve - Health tech solutions\"},\"image\":{\"@id\":\"https:\\\/\\\/medisolve.eu\\\/es\\\/#\\\/schema\\\/logo\\\/image\\\/\"}}]}<\/script>\n<!-- \/ Yoast SEO plugin. -->","yoast_head_json":{"title":"Noticias y recursos - Medisolve - Health tech solutions","robots":{"index":"index","follow":"follow","max-snippet":"max-snippet:-1","max-image-preview":"max-image-preview:large","max-video-preview":"max-video-preview:-1"},"canonical":"https:\/\/medisolve.eu\/es\/noticias-y-recursos\/","og_locale":"es_ES","og_type":"article","og_title":"Noticias y recursos - Medisolve - Health tech solutions","og_description":"Mantente actualizadocon Medisolve En esta secci\u00f3n encontrar\u00e1s an\u00e1lisis, novedades y art\u00edculos de inter\u00e9s sobre el mundo de la salud digital [&hellip;]","og_url":"https:\/\/medisolve.eu\/es\/noticias-y-recursos\/","og_site_name":"Medisolve - Health tech solutions","article_modified_time":"2026-02-13T11:41:30+00:00","og_image":[{"url":"https:\/\/medisolve.eu\/wp-content\/uploads\/2025\/10\/accademy.jpg","type":"","width":"","height":""}],"twitter_card":"summary_large_image","twitter_misc":{"Tiempo de lectura":"1 minuto"},"schema":{"@context":"https:\/\/schema.org","@graph":[{"@type":"WebPage","@id":"https:\/\/medisolve.eu\/es\/noticias-y-recursos\/","url":"https:\/\/medisolve.eu\/es\/noticias-y-recursos\/","name":"Noticias y recursos - Medisolve - Health tech solutions","isPartOf":{"@id":"https:\/\/medisolve.eu\/es\/#website"},"primaryImageOfPage":{"@id":"https:\/\/medisolve.eu\/es\/noticias-y-recursos\/#primaryimage"},"image":{"@id":"https:\/\/medisolve.eu\/es\/noticias-y-recursos\/#primaryimage"},"thumbnailUrl":"https:\/\/medisolve.eu\/wp-content\/uploads\/2025\/10\/accademy.jpg","datePublished":"2025-10-21T09:32:04+00:00","dateModified":"2026-02-13T11:41:30+00:00","breadcrumb":{"@id":"https:\/\/medisolve.eu\/es\/noticias-y-recursos\/#breadcrumb"},"inLanguage":"es","potentialAction":[{"@type":"ReadAction","target":["https:\/\/medisolve.eu\/es\/noticias-y-recursos\/"]}]},{"@type":"ImageObject","inLanguage":"es","@id":"https:\/\/medisolve.eu\/es\/noticias-y-recursos\/#primaryimage","url":"https:\/\/medisolve.eu\/wp-content\/uploads\/2025\/10\/accademy.jpg","contentUrl":"https:\/\/medisolve.eu\/wp-content\/uploads\/2025\/10\/accademy.jpg"},{"@type":"BreadcrumbList","@id":"https:\/\/medisolve.eu\/es\/noticias-y-recursos\/#breadcrumb","itemListElement":[{"@type":"ListItem","position":1,"name":"Home","item":"https:\/\/medisolve.eu\/es\/"},{"@type":"ListItem","position":2,"name":"Noticias y recursos"}]},{"@type":"WebSite","@id":"https:\/\/medisolve.eu\/es\/#website","url":"https:\/\/medisolve.eu\/es\/","name":"Medisolve - Health tech solutions","description":"","publisher":{"@id":"https:\/\/medisolve.eu\/es\/#organization"},"potentialAction":[{"@type":"SearchAction","target":{"@type":"EntryPoint","urlTemplate":"https:\/\/medisolve.eu\/es\/?s={search_term_string}"},"query-input":{"@type":"PropertyValueSpecification","valueRequired":true,"valueName":"search_term_string"}}],"inLanguage":"es"},{"@type":"Organization","@id":"https:\/\/medisolve.eu\/es\/#organization","name":"Medisolve - Health tech solutions","url":"https:\/\/medisolve.eu\/es\/","logo":{"@type":"ImageObject","inLanguage":"es","@id":"https:\/\/medisolve.eu\/es\/#\/schema\/logo\/image\/","url":"https:\/\/medisolve.eu\/wp-content\/uploads\/2025\/10\/cropped-logo-2.png","contentUrl":"https:\/\/medisolve.eu\/wp-content\/uploads\/2025\/10\/cropped-logo-2.png","width":1591,"height":253,"caption":"Medisolve - Health tech solutions"},"image":{"@id":"https:\/\/medisolve.eu\/es\/#\/schema\/logo\/image\/"}}]}},"_links":{"self":[{"href":"https:\/\/medisolve.eu\/es\/wp-json\/wp\/v2\/pages\/2139","targetHints":{"allow":["GET"]}}],"collection":[{"href":"https:\/\/medisolve.eu\/es\/wp-json\/wp\/v2\/pages"}],"about":[{"href":"https:\/\/medisolve.eu\/es\/wp-json\/wp\/v2\/types\/page"}],"author":[{"embeddable":true,"href":"https:\/\/medisolve.eu\/es\/wp-json\/wp\/v2\/users\/1"}],"replies":[{"embeddable":true,"href":"https:\/\/medisolve.eu\/es\/wp-json\/wp\/v2\/comments?post=2139"}],"version-history":[{"count":5,"href":"https:\/\/medisolve.eu\/es\/wp-json\/wp\/v2\/pages\/2139\/revisions"}],"predecessor-version":[{"id":2679,"href":"https:\/\/medisolve.eu\/es\/wp-json\/wp\/v2\/pages\/2139\/revisions\/2679"}],"wp:attachment":[{"href":"https:\/\/medisolve.eu\/es\/wp-json\/wp\/v2\/media?parent=2139"}],"curies":[{"name":"wp","href":"https:\/\/api.w.org\/{rel}","templated":true}]}}