{"id":2108,"date":"2025-11-19T15:16:13","date_gmt":"2025-11-19T14:16:13","guid":{"rendered":"https:\/\/medisolve.eu\/proyectos-llave-en-mano\/"},"modified":"2026-02-13T12:38:12","modified_gmt":"2026-02-13T11:38:12","slug":"proyectos-llave-en-mano","status":"publish","type":"page","link":"https:\/\/medisolve.eu\/es\/proyectos-llave-en-mano\/","title":{"rendered":"Proyectos Llave en Mano"},"content":{"rendered":"\t\t<div data-elementor-type=\"wp-page\" data-elementor-id=\"2108\" class=\"elementor elementor-2108 elementor-1803\" data-elementor-post-type=\"page\">\n\t\t\t\t<div class=\"elementor-element elementor-element-f379dc0 e-flex e-con-boxed e-con e-parent\" data-id=\"f379dc0\" data-element_type=\"container\" data-e-type=\"container\" data-settings=\"{&quot;background_background&quot;:&quot;classic&quot;}\">\n\t\t\t\t\t<div class=\"e-con-inner\">\n\t\t<div class=\"elementor-element elementor-element-4593602 e-con-full e-flex e-con e-child\" data-id=\"4593602\" data-element_type=\"container\" data-e-type=\"container\">\n\t\t\t\t<div class=\"elementor-element elementor-element-59f2afd elementor-widget elementor-widget-heading\" data-id=\"59f2afd\" data-element_type=\"widget\" data-e-type=\"widget\" data-widget_type=\"heading.default\">\n\t\t\t\t\t<h1 class=\"elementor-heading-title elementor-size-default\">Proyectos Llave en Mano\n<\/h1>\t\t\t\t<\/div>\n\t\t\t\t<div class=\"elementor-element elementor-element-6aaa18f elementor-widget elementor-widget-text-editor\" data-id=\"6aaa18f\" data-element_type=\"widget\" data-e-type=\"widget\" data-widget_type=\"text-editor.default\">\n\t\t\t\t\t\t\t\t\t<p>Realizamos <b>proyectos sanitarios internacionales llave en mano para hospitales, cl\u00ednicas y laboratorios<\/b>, ofreciendo soluciones completas: desde el suministro de dispositivos m\u00e9dicos hasta el dise\u00f1o ingenieril y la gesti\u00f3n operativa de las instalaciones.<\/p><p> <\/p><p>Con m\u00e1s de 10 a\u00f1os de experiencia en licitaciones internacionales y asociaciones consolidadas con <b>OEM nacionales e internacionales<\/b>, garantizamos <b>eficiencia, calidad y rapidez de intervenci\u00f3n.<\/b><\/p>\t\t\t\t\t\t\t\t<\/div>\n\t\t\t\t<\/div>\n\t\t\t\t\t<\/div>\n\t\t\t\t<\/div>\n\t\t<div class=\"elementor-element elementor-element-e50e0e5 e-con-full e-flex e-con e-parent\" data-id=\"e50e0e5\" data-element_type=\"container\" data-e-type=\"container\">\n\t\t<div class=\"elementor-element elementor-element-9d82771 e-grid e-con-full e-con e-child\" data-id=\"9d82771\" data-element_type=\"container\" data-e-type=\"container\">\n\t\t<div class=\"elementor-element elementor-element-09f7ece e-con-full e-flex e-con e-child\" data-id=\"09f7ece\" data-element_type=\"container\" data-e-type=\"container\" data-settings=\"{&quot;background_background&quot;:&quot;classic&quot;,&quot;background_motion_fx_motion_fx_scrolling&quot;:&quot;yes&quot;,&quot;background_motion_fx_scale_effect&quot;:&quot;yes&quot;,&quot;background_motion_fx_scale_direction&quot;:&quot;out-in&quot;,&quot;background_motion_fx_scale_speed&quot;:{&quot;unit&quot;:&quot;px&quot;,&quot;size&quot;:4,&quot;sizes&quot;:[]},&quot;background_motion_fx_scale_range&quot;:{&quot;unit&quot;:&quot;%&quot;,&quot;size&quot;:&quot;&quot;,&quot;sizes&quot;:{&quot;start&quot;:20,&quot;end&quot;:80}},&quot;background_motion_fx_devices&quot;:[&quot;desktop&quot;,&quot;tablet&quot;,&quot;mobile&quot;]}\">\n\t\t\t\t<div class=\"elementor-element elementor-element-4da55a7 elementor-widget elementor-widget-heading\" data-id=\"4da55a7\" data-element_type=\"widget\" data-e-type=\"widget\" data-widget_type=\"heading.default\">\n\t\t\t\t\t<h2 class=\"elementor-heading-title elementor-size-default\">Proyectos sanitarios internacionales y soluciones modulares de alta eficiencia<\/h2>\t\t\t\t<\/div>\n\t\t\t\t<div class=\"elementor-element elementor-element-b430175 elementor-widget elementor-widget-text-editor\" data-id=\"b430175\" data-element_type=\"widget\" data-e-type=\"widget\" data-widget_type=\"text-editor.default\">\n\t\t\t\t\t\t\t\t\t<p>Contamos con <b>asociaciones con OEM nacionales e internacionales y colaboraciones con empresas t\u00e9cnico-comerciales<\/b>, lo que nos permite adjudicarnos proyectos complejos, incluso en joint venture.<\/p><p>Nuestras instalaciones permiten intervenciones r\u00e1pidas sin comprometer la calidad cl\u00ednica, la durabilidad o el rendimiento, adapt\u00e1ndose a contextos de emergencia, zonas remotas o proyectos altamente personalizados, manteniendo <b>costos competitivos y est\u00e1ndares elevados.<\/b><\/p>\t\t\t\t\t\t\t\t<\/div>\n\t\t\t\t<\/div>\n\t\t<div class=\"elementor-element elementor-element-0738743 e-con-full elementor-hidden-mobile e-flex e-con e-child\" data-id=\"0738743\" data-element_type=\"container\" data-e-type=\"container\" data-settings=\"{&quot;background_background&quot;:&quot;classic&quot;,&quot;background_motion_fx_motion_fx_scrolling&quot;:&quot;yes&quot;,&quot;background_motion_fx_scale_effect&quot;:&quot;yes&quot;,&quot;background_motion_fx_scale_direction&quot;:&quot;out-in&quot;,&quot;background_motion_fx_scale_speed&quot;:{&quot;unit&quot;:&quot;px&quot;,&quot;size&quot;:4,&quot;sizes&quot;:[]},&quot;background_motion_fx_scale_range&quot;:{&quot;unit&quot;:&quot;%&quot;,&quot;size&quot;:&quot;&quot;,&quot;sizes&quot;:{&quot;start&quot;:20,&quot;end&quot;:80}},&quot;background_motion_fx_devices&quot;:[&quot;desktop&quot;,&quot;tablet&quot;,&quot;mobile&quot;]}\">\n\t\t\t\t<\/div>\n\t\t\t\t<\/div>\n\t\t\t\t<\/div>\n\t\t<div class=\"elementor-element elementor-element-b3c766a e-con-full e-flex e-con e-parent\" data-id=\"b3c766a\" data-element_type=\"container\" data-e-type=\"container\">\n\t\t<div class=\"elementor-element elementor-element-089bc52 e-grid e-con-full e-con e-child\" data-id=\"089bc52\" data-element_type=\"container\" data-e-type=\"container\">\n\t\t<div class=\"elementor-element elementor-element-d199166 e-con-full elementor-hidden-mobile e-flex e-con e-child\" data-id=\"d199166\" data-element_type=\"container\" data-e-type=\"container\" data-settings=\"{&quot;background_background&quot;:&quot;classic&quot;,&quot;background_motion_fx_motion_fx_scrolling&quot;:&quot;yes&quot;,&quot;background_motion_fx_scale_effect&quot;:&quot;yes&quot;,&quot;background_motion_fx_scale_direction&quot;:&quot;out-in&quot;,&quot;background_motion_fx_scale_speed&quot;:{&quot;unit&quot;:&quot;px&quot;,&quot;size&quot;:4,&quot;sizes&quot;:[]},&quot;background_motion_fx_scale_range&quot;:{&quot;unit&quot;:&quot;%&quot;,&quot;size&quot;:&quot;&quot;,&quot;sizes&quot;:{&quot;start&quot;:20,&quot;end&quot;:80}},&quot;background_motion_fx_devices&quot;:[&quot;desktop&quot;,&quot;tablet&quot;,&quot;mobile&quot;]}\">\n\t\t\t\t<\/div>\n\t\t<div class=\"elementor-element elementor-element-07df357 e-con-full e-flex e-con e-child\" data-id=\"07df357\" data-element_type=\"container\" data-e-type=\"container\" data-settings=\"{&quot;background_background&quot;:&quot;classic&quot;,&quot;background_motion_fx_motion_fx_scrolling&quot;:&quot;yes&quot;,&quot;background_motion_fx_scale_effect&quot;:&quot;yes&quot;,&quot;background_motion_fx_scale_direction&quot;:&quot;out-in&quot;,&quot;background_motion_fx_scale_speed&quot;:{&quot;unit&quot;:&quot;px&quot;,&quot;size&quot;:4,&quot;sizes&quot;:[]},&quot;background_motion_fx_scale_range&quot;:{&quot;unit&quot;:&quot;%&quot;,&quot;size&quot;:&quot;&quot;,&quot;sizes&quot;:{&quot;start&quot;:20,&quot;end&quot;:80}},&quot;background_motion_fx_devices&quot;:[&quot;desktop&quot;,&quot;tablet&quot;,&quot;mobile&quot;]}\">\n\t\t\t\t<div class=\"elementor-element elementor-element-2a40ba4 elementor-widget elementor-widget-heading\" data-id=\"2a40ba4\" data-element_type=\"widget\" data-e-type=\"widget\" data-widget_type=\"heading.default\">\n\t\t\t\t\t<h2 class=\"elementor-heading-title elementor-size-default\">Asesoramiento a empresas l\u00edderes a nivel internacional \n<\/h2>\t\t\t\t<\/div>\n\t\t\t\t<div class=\"elementor-element elementor-element-ce9bf5c elementor-widget elementor-widget-text-editor\" data-id=\"ce9bf5c\" data-element_type=\"widget\" data-e-type=\"widget\" data-widget_type=\"text-editor.default\">\n\t\t\t\t\t\t\t\t\t<p>Para apoyar a las empresas l\u00edderes a nivel internacional, ofrecemos una <b>gama completa de servicios<\/b> que cubren todas las fases del dise\u00f1o, implementaci\u00f3n y gesti\u00f3n de instalaciones sanitarias, tales como:<\/p><ul><li style=\"font-weight: 400;\" aria-level=\"1\"><b>Dise\u00f1o hospitalario completo<\/b> (concepto \u2192 distribuci\u00f3n operativa)<span style=\"font-weight: 400;\"><br><\/span><\/li><li style=\"font-weight: 400;\" aria-level=\"1\"><b>Elaboraci\u00f3n de ofertas y especificaciones t\u00e9cnicas<\/b><span style=\"font-weight: 400;\"><br><\/span><\/li><li style=\"font-weight: 400;\" aria-level=\"1\"><b>Asesoramiento estrat\u00e9gico y adaptaci\u00f3n de las tecnolog\u00edas al contexto operativo<\/b><span style=\"font-weight: 400;\"><br><\/span><\/li><li style=\"font-weight: 400;\" aria-level=\"1\"><b>Introducci\u00f3n de nuevas tecnolog\u00edas<\/b> en el mercado mundial<span style=\"font-weight: 400;\"><br><\/span><\/li><li style=\"font-weight: 400;\" aria-level=\"1\"><b>Soluciones modulares y m\u00f3viles<\/b> para hospitales de campa\u00f1a y laboratorios temporales<span style=\"font-weight: 400;\"><br><br><\/span><\/li><\/ul><p><b>Gesti\u00f3n integral de los dispositivos m\u00e9dicos<\/b>, desde la selecci\u00f3n hasta el mantenimiento y restauraci\u00f3n eficaz.<\/p>\t\t\t\t\t\t\t\t<\/div>\n\t\t\t\t<\/div>\n\t\t\t\t<\/div>\n\t\t\t\t<\/div>\n\t\t\t\t<\/div>\n\t\t","protected":false},"excerpt":{"rendered":"<p>Proyectos Llave en Mano Realizamos proyectos sanitarios internacionales llave en mano para hospitales, cl\u00ednicas y laboratorios, ofreciendo soluciones completas: desde [&hellip;]<\/p>\n","protected":false},"author":1,"featured_media":0,"parent":0,"menu_order":0,"comment_status":"closed","ping_status":"closed","template":"","meta":{"site-sidebar-layout":"no-sidebar","site-content-layout":"","ast-site-content-layout":"full-width-container","site-content-style":"default","site-sidebar-style":"default","ast-global-header-display":"disabled","ast-banner-title-visibility":"disabled","ast-main-header-display":"","ast-hfb-above-header-display":"","ast-hfb-below-header-display":"","ast-hfb-mobile-header-display":"","site-post-title":"","ast-breadcrumbs-content":"","ast-featured-img":"disabled","footer-sml-layout":"disabled","ast-disable-related-posts":"","theme-transparent-header-meta":"","adv-header-id-meta":"","stick-header-meta":"","header-above-stick-meta":"","header-main-stick-meta":"","header-below-stick-meta":"","astra-migrate-meta-layouts":"default","ast-page-background-enabled":"default","ast-page-background-meta":{"desktop":{"background-color":"var(--ast-global-color-5)","background-image":"","background-repeat":"repeat","background-position":"center center","background-size":"auto","background-attachment":"scroll","background-type":"","background-media":"","overlay-type":"","overlay-color":"","overlay-opacity":"","overlay-gradient":""},"tablet":{"background-color":"","background-image":"","background-repeat":"repeat","background-position":"center center","background-size":"auto","background-attachment":"scroll","background-type":"","background-media":"","overlay-type":"","overlay-color":"","overlay-opacity":"","overlay-gradient":""},"mobile":{"background-color":"","background-image":"","background-repeat":"repeat","background-position":"center center","background-size":"auto","background-attachment":"scroll","background-type":"","background-media":"","overlay-type":"","overlay-color":"","overlay-opacity":"","overlay-gradient":""}},"ast-content-background-meta":{"desktop":{"background-color":"var(--ast-global-color-4)","background-image":"","background-repeat":"repeat","background-position":"center center","background-size":"auto","background-attachment":"scroll","background-type":"","background-media":"","overlay-type":"","overlay-color":"","overlay-opacity":"","overlay-gradient":""},"tablet":{"background-color":"var(--ast-global-color-4)","background-image":"","background-repeat":"repeat","background-position":"center center","background-size":"auto","background-attachment":"scroll","background-type":"","background-media":"","overlay-type":"","overlay-color":"","overlay-opacity":"","overlay-gradient":""},"mobile":{"background-color":"var(--ast-global-color-4)","background-image":"","background-repeat":"repeat","background-position":"center center","background-size":"auto","background-attachment":"scroll","background-type":"","background-media":"","overlay-type":"","overlay-color":"","overlay-opacity":"","overlay-gradient":""}},"footnotes":""},"class_list":["post-2108","page","type-page","status-publish","hentry"],"yoast_head":"<!-- This site is optimized with the Yoast SEO plugin v27.5 - https:\/\/yoast.com\/product\/yoast-seo-wordpress\/ -->\n<title>Proyectos Llave en Mano - Medisolve - Health tech solutions<\/title>\n<meta name=\"robots\" content=\"index, follow, max-snippet:-1, max-image-preview:large, max-video-preview:-1\" \/>\n<link rel=\"canonical\" href=\"https:\/\/medisolve.eu\/es\/proyectos-llave-en-mano\/\" \/>\n<meta property=\"og:locale\" content=\"es_ES\" \/>\n<meta property=\"og:type\" content=\"article\" \/>\n<meta property=\"og:title\" content=\"Proyectos Llave en Mano - Medisolve - Health tech solutions\" \/>\n<meta property=\"og:description\" content=\"Proyectos Llave en Mano Realizamos proyectos sanitarios internacionales llave en mano para hospitales, cl\u00ednicas y laboratorios, ofreciendo soluciones completas: desde [&hellip;]\" \/>\n<meta property=\"og:url\" content=\"https:\/\/medisolve.eu\/es\/proyectos-llave-en-mano\/\" \/>\n<meta property=\"og:site_name\" content=\"Medisolve - Health tech solutions\" \/>\n<meta property=\"article:modified_time\" content=\"2026-02-13T11:38:12+00:00\" \/>\n<meta name=\"twitter:card\" content=\"summary_large_image\" \/>\n<meta name=\"twitter:label1\" content=\"Tiempo de lectura\" \/>\n\t<meta name=\"twitter:data1\" content=\"1 minuto\" \/>\n<script type=\"application\/ld+json\" class=\"yoast-schema-graph\">{\"@context\":\"https:\\\/\\\/schema.org\",\"@graph\":[{\"@type\":\"WebPage\",\"@id\":\"https:\\\/\\\/medisolve.eu\\\/es\\\/proyectos-llave-en-mano\\\/\",\"url\":\"https:\\\/\\\/medisolve.eu\\\/es\\\/proyectos-llave-en-mano\\\/\",\"name\":\"Proyectos Llave en Mano - Medisolve - Health tech solutions\",\"isPartOf\":{\"@id\":\"https:\\\/\\\/medisolve.eu\\\/es\\\/#website\"},\"datePublished\":\"2025-11-19T14:16:13+00:00\",\"dateModified\":\"2026-02-13T11:38:12+00:00\",\"breadcrumb\":{\"@id\":\"https:\\\/\\\/medisolve.eu\\\/es\\\/proyectos-llave-en-mano\\\/#breadcrumb\"},\"inLanguage\":\"es\",\"potentialAction\":[{\"@type\":\"ReadAction\",\"target\":[\"https:\\\/\\\/medisolve.eu\\\/es\\\/proyectos-llave-en-mano\\\/\"]}]},{\"@type\":\"BreadcrumbList\",\"@id\":\"https:\\\/\\\/medisolve.eu\\\/es\\\/proyectos-llave-en-mano\\\/#breadcrumb\",\"itemListElement\":[{\"@type\":\"ListItem\",\"position\":1,\"name\":\"Home\",\"item\":\"https:\\\/\\\/medisolve.eu\\\/es\\\/\"},{\"@type\":\"ListItem\",\"position\":2,\"name\":\"Proyectos Llave en Mano\"}]},{\"@type\":\"WebSite\",\"@id\":\"https:\\\/\\\/medisolve.eu\\\/es\\\/#website\",\"url\":\"https:\\\/\\\/medisolve.eu\\\/es\\\/\",\"name\":\"Medisolve - Health tech solutions\",\"description\":\"\",\"publisher\":{\"@id\":\"https:\\\/\\\/medisolve.eu\\\/es\\\/#organization\"},\"potentialAction\":[{\"@type\":\"SearchAction\",\"target\":{\"@type\":\"EntryPoint\",\"urlTemplate\":\"https:\\\/\\\/medisolve.eu\\\/es\\\/?s={search_term_string}\"},\"query-input\":{\"@type\":\"PropertyValueSpecification\",\"valueRequired\":true,\"valueName\":\"search_term_string\"}}],\"inLanguage\":\"es\"},{\"@type\":\"Organization\",\"@id\":\"https:\\\/\\\/medisolve.eu\\\/es\\\/#organization\",\"name\":\"Medisolve - Health tech solutions\",\"url\":\"https:\\\/\\\/medisolve.eu\\\/es\\\/\",\"logo\":{\"@type\":\"ImageObject\",\"inLanguage\":\"es\",\"@id\":\"https:\\\/\\\/medisolve.eu\\\/es\\\/#\\\/schema\\\/logo\\\/image\\\/\",\"url\":\"https:\\\/\\\/medisolve.eu\\\/wp-content\\\/uploads\\\/2025\\\/10\\\/cropped-logo-2.png\",\"contentUrl\":\"https:\\\/\\\/medisolve.eu\\\/wp-content\\\/uploads\\\/2025\\\/10\\\/cropped-logo-2.png\",\"width\":1591,\"height\":253,\"caption\":\"Medisolve - Health tech solutions\"},\"image\":{\"@id\":\"https:\\\/\\\/medisolve.eu\\\/es\\\/#\\\/schema\\\/logo\\\/image\\\/\"}}]}<\/script>\n<!-- \/ Yoast SEO plugin. -->","yoast_head_json":{"title":"Proyectos Llave en Mano - Medisolve - Health tech solutions","robots":{"index":"index","follow":"follow","max-snippet":"max-snippet:-1","max-image-preview":"max-image-preview:large","max-video-preview":"max-video-preview:-1"},"canonical":"https:\/\/medisolve.eu\/es\/proyectos-llave-en-mano\/","og_locale":"es_ES","og_type":"article","og_title":"Proyectos Llave en Mano - Medisolve - Health tech solutions","og_description":"Proyectos Llave en Mano Realizamos proyectos sanitarios internacionales llave en mano para hospitales, cl\u00ednicas y laboratorios, ofreciendo soluciones completas: desde [&hellip;]","og_url":"https:\/\/medisolve.eu\/es\/proyectos-llave-en-mano\/","og_site_name":"Medisolve - Health tech solutions","article_modified_time":"2026-02-13T11:38:12+00:00","twitter_card":"summary_large_image","twitter_misc":{"Tiempo de lectura":"1 minuto"},"schema":{"@context":"https:\/\/schema.org","@graph":[{"@type":"WebPage","@id":"https:\/\/medisolve.eu\/es\/proyectos-llave-en-mano\/","url":"https:\/\/medisolve.eu\/es\/proyectos-llave-en-mano\/","name":"Proyectos Llave en Mano - Medisolve - Health tech solutions","isPartOf":{"@id":"https:\/\/medisolve.eu\/es\/#website"},"datePublished":"2025-11-19T14:16:13+00:00","dateModified":"2026-02-13T11:38:12+00:00","breadcrumb":{"@id":"https:\/\/medisolve.eu\/es\/proyectos-llave-en-mano\/#breadcrumb"},"inLanguage":"es","potentialAction":[{"@type":"ReadAction","target":["https:\/\/medisolve.eu\/es\/proyectos-llave-en-mano\/"]}]},{"@type":"BreadcrumbList","@id":"https:\/\/medisolve.eu\/es\/proyectos-llave-en-mano\/#breadcrumb","itemListElement":[{"@type":"ListItem","position":1,"name":"Home","item":"https:\/\/medisolve.eu\/es\/"},{"@type":"ListItem","position":2,"name":"Proyectos Llave en Mano"}]},{"@type":"WebSite","@id":"https:\/\/medisolve.eu\/es\/#website","url":"https:\/\/medisolve.eu\/es\/","name":"Medisolve - Health tech solutions","description":"","publisher":{"@id":"https:\/\/medisolve.eu\/es\/#organization"},"potentialAction":[{"@type":"SearchAction","target":{"@type":"EntryPoint","urlTemplate":"https:\/\/medisolve.eu\/es\/?s={search_term_string}"},"query-input":{"@type":"PropertyValueSpecification","valueRequired":true,"valueName":"search_term_string"}}],"inLanguage":"es"},{"@type":"Organization","@id":"https:\/\/medisolve.eu\/es\/#organization","name":"Medisolve - Health tech solutions","url":"https:\/\/medisolve.eu\/es\/","logo":{"@type":"ImageObject","inLanguage":"es","@id":"https:\/\/medisolve.eu\/es\/#\/schema\/logo\/image\/","url":"https:\/\/medisolve.eu\/wp-content\/uploads\/2025\/10\/cropped-logo-2.png","contentUrl":"https:\/\/medisolve.eu\/wp-content\/uploads\/2025\/10\/cropped-logo-2.png","width":1591,"height":253,"caption":"Medisolve - Health tech solutions"},"image":{"@id":"https:\/\/medisolve.eu\/es\/#\/schema\/logo\/image\/"}}]}},"_links":{"self":[{"href":"https:\/\/medisolve.eu\/es\/wp-json\/wp\/v2\/pages\/2108","targetHints":{"allow":["GET"]}}],"collection":[{"href":"https:\/\/medisolve.eu\/es\/wp-json\/wp\/v2\/pages"}],"about":[{"href":"https:\/\/medisolve.eu\/es\/wp-json\/wp\/v2\/types\/page"}],"author":[{"embeddable":true,"href":"https:\/\/medisolve.eu\/es\/wp-json\/wp\/v2\/users\/1"}],"replies":[{"embeddable":true,"href":"https:\/\/medisolve.eu\/es\/wp-json\/wp\/v2\/comments?post=2108"}],"version-history":[{"count":1,"href":"https:\/\/medisolve.eu\/es\/wp-json\/wp\/v2\/pages\/2108\/revisions"}],"predecessor-version":[{"id":2109,"href":"https:\/\/medisolve.eu\/es\/wp-json\/wp\/v2\/pages\/2108\/revisions\/2109"}],"wp:attachment":[{"href":"https:\/\/medisolve.eu\/es\/wp-json\/wp\/v2\/media?parent=2108"}],"curies":[{"name":"wp","href":"https:\/\/api.w.org\/{rel}","templated":true}]}}