{"id":2096,"date":"2025-11-18T09:40:29","date_gmt":"2025-11-18T08:40:29","guid":{"rendered":"https:\/\/medisolve.eu\/laboratorios-verticales\/"},"modified":"2026-04-28T15:43:01","modified_gmt":"2026-04-28T14:43:01","slug":"laboratorios-verticales","status":"publish","type":"page","link":"https:\/\/medisolve.eu\/es\/laboratorios-verticales\/","title":{"rendered":"Servicios T\u00e9cnicos Especializados"},"content":{"rendered":"\t\t<div data-elementor-type=\"wp-page\" data-elementor-id=\"2096\" class=\"elementor elementor-2096 elementor-1720\" data-elementor-post-type=\"page\">\n\t\t\t\t<div class=\"elementor-element elementor-element-8c60b62 e-flex e-con-boxed e-con e-parent\" data-id=\"8c60b62\" data-element_type=\"container\" data-e-type=\"container\" data-settings=\"{&quot;background_background&quot;:&quot;classic&quot;}\">\n\t\t\t\t\t<div class=\"e-con-inner\">\n\t\t<div class=\"elementor-element elementor-element-05eeb32 e-con-full e-flex e-con e-child\" data-id=\"05eeb32\" data-element_type=\"container\" data-e-type=\"container\">\n\t\t<div class=\"elementor-element elementor-element-fd601cc e-con-full e-flex e-con e-child\" data-id=\"fd601cc\" data-element_type=\"container\" data-e-type=\"container\">\n\t\t<div class=\"elementor-element elementor-element-dcaa6c2 e-con-full e-flex e-con e-child\" data-id=\"dcaa6c2\" data-element_type=\"container\" data-e-type=\"container\" data-settings=\"{&quot;background_background&quot;:&quot;classic&quot;}\">\n\t\t\t\t<div class=\"elementor-element elementor-element-2798577 elementor-widget elementor-widget-heading\" data-id=\"2798577\" data-element_type=\"widget\" data-e-type=\"widget\" data-widget_type=\"heading.default\">\n\t\t\t\t\t<h1 class=\"elementor-heading-title elementor-size-default\">Servicios T\u00e9cnicos Especializados<\/h1>\t\t\t\t<\/div>\n\t\t\t\t<div class=\"elementor-element elementor-element-b7113ca elementor-widget elementor-widget-text-editor\" data-id=\"b7113ca\" data-element_type=\"widget\" data-e-type=\"widget\" data-widget_type=\"text-editor.default\">\n\t\t\t\t\t\t\t\t\t<p>Los laboratorios verticales ofrecen <b>soluciones especializadas para la gesti\u00f3n de dispositivos de alta complejidad<\/b>, incluidos sistemas de endoscopia, sondas de ecograf\u00eda y dispositivos de ventilaci\u00f3n. <\/p>\t\t\t\t\t\t\t\t<\/div>\n\t\t\t\t<\/div>\n\t\t<div class=\"elementor-element elementor-element-f6c7b4c e-con-full e-flex e-con e-child\" data-id=\"f6c7b4c\" data-element_type=\"container\" data-e-type=\"container\">\n\t\t\t\t<div class=\"elementor-element elementor-element-6886e54 elementor-widget elementor-widget-video\" data-id=\"6886e54\" data-element_type=\"widget\" data-e-type=\"widget\" data-settings=\"{&quot;video_type&quot;:&quot;hosted&quot;,&quot;show_image_overlay&quot;:&quot;yes&quot;,&quot;image_overlay&quot;:{&quot;url&quot;:&quot;https:\\\/\\\/medisolve.eu\\\/wp-content\\\/uploads\\\/2025\\\/10\\\/laboratori-verticali.jpg&quot;,&quot;id&quot;:1975,&quot;size&quot;:&quot;&quot;,&quot;alt&quot;:&quot;&quot;,&quot;source&quot;:&quot;library&quot;},&quot;controls&quot;:&quot;yes&quot;}\" data-widget_type=\"video.default\">\n\t\t\t\t\t\t\t<div class=\"e-hosted-video elementor-wrapper elementor-open-inline\">\n\t\t\t\t\t<video class=\"elementor-video\" src=\"https:\/\/medisolve.eu\/shi_eng.mp4\" controls=\"\" preload=\"metadata\" controlsList=\"nodownload\"><\/video>\n\t\t\t\t\t\t<div class=\"elementor-custom-embed-image-overlay\" style=\"background-image: url(https:\/\/medisolve.eu\/wp-content\/uploads\/2025\/10\/laboratori-verticali.jpg);\">\n\t\t\t\t\t\t\t\t\t\t\t\t\t\t\t\t<div class=\"elementor-custom-embed-play\" role=\"button\" aria-label=\"Reproducir v\u00eddeo\" tabindex=\"0\">\n\t\t\t\t\t\t\t<i aria-hidden=\"true\" class=\"icon icon-play\"><\/i>\t\t\t\t\t\t<\/div>\n\t\t\t\t\t\t\t\t\t<\/div>\n\t\t\t\t\t<\/div>\n\t\t\t\t\t\t<\/div>\n\t\t\t\t<\/div>\n\t\t\t\t<\/div>\n\t\t\t\t<\/div>\n\t\t\t\t\t<\/div>\n\t\t\t\t<\/div>\n\t\t<div class=\"elementor-element elementor-element-f379dc0 elementor-hidden-desktop elementor-hidden-tablet elementor-hidden-mobile e-flex e-con-boxed e-con e-parent\" data-id=\"f379dc0\" data-element_type=\"container\" data-e-type=\"container\" data-settings=\"{&quot;background_background&quot;:&quot;classic&quot;}\">\n\t\t\t\t\t<div class=\"e-con-inner\">\n\t\t<div class=\"elementor-element elementor-element-4593602 e-con-full e-flex e-con e-child\" data-id=\"4593602\" data-element_type=\"container\" data-e-type=\"container\">\n\t\t\t\t<div class=\"elementor-element elementor-element-59f2afd elementor-widget elementor-widget-heading\" data-id=\"59f2afd\" data-element_type=\"widget\" data-e-type=\"widget\" data-widget_type=\"heading.default\">\n\t\t\t\t\t<h1 class=\"elementor-heading-title elementor-size-default\">Servicios T\u00e9cnicos Especializados<\/h1>\t\t\t\t<\/div>\n\t\t\t\t<div class=\"elementor-element elementor-element-6aaa18f elementor-widget elementor-widget-text-editor\" data-id=\"6aaa18f\" data-element_type=\"widget\" data-e-type=\"widget\" data-widget_type=\"text-editor.default\">\n\t\t\t\t\t\t\t\t\t<p>Los laboratorios verticales ofrecen <b>soluciones especializadas para la gesti\u00f3n de dispositivos de alta complejidad<\/b>, incluidos sistemas de endoscopia, sondas de ecograf\u00eda y dispositivos de ventilaci\u00f3n. <\/p>\t\t\t\t\t\t\t\t<\/div>\n\t\t\t\t<\/div>\n\t\t\t\t\t<\/div>\n\t\t\t\t<\/div>\n\t\t<div class=\"elementor-element elementor-element-e50e0e5 e-con-full e-flex e-con e-parent\" data-id=\"e50e0e5\" data-element_type=\"container\" data-e-type=\"container\">\n\t\t<div class=\"elementor-element elementor-element-9d82771 e-grid e-con-full e-con e-child\" data-id=\"9d82771\" data-element_type=\"container\" data-e-type=\"container\">\n\t\t<div class=\"elementor-element elementor-element-09f7ece e-con-full e-flex e-con e-child\" data-id=\"09f7ece\" data-element_type=\"container\" data-e-type=\"container\" data-settings=\"{&quot;background_background&quot;:&quot;classic&quot;,&quot;background_motion_fx_motion_fx_scrolling&quot;:&quot;yes&quot;,&quot;background_motion_fx_scale_effect&quot;:&quot;yes&quot;,&quot;background_motion_fx_scale_direction&quot;:&quot;out-in&quot;,&quot;background_motion_fx_scale_speed&quot;:{&quot;unit&quot;:&quot;px&quot;,&quot;size&quot;:4,&quot;sizes&quot;:[]},&quot;background_motion_fx_scale_range&quot;:{&quot;unit&quot;:&quot;%&quot;,&quot;size&quot;:&quot;&quot;,&quot;sizes&quot;:{&quot;start&quot;:20,&quot;end&quot;:80}},&quot;background_motion_fx_devices&quot;:[&quot;desktop&quot;,&quot;tablet&quot;,&quot;mobile&quot;]}\">\n\t\t\t\t<div class=\"elementor-element elementor-element-4da55a7 elementor-widget elementor-widget-heading\" data-id=\"4da55a7\" data-element_type=\"widget\" data-e-type=\"widget\" data-widget_type=\"heading.default\">\n\t\t\t\t\t<h2 class=\"elementor-heading-title elementor-size-default\">Gesti\u00f3n de dispositivos de Alta Tecnolog\u00eda <\/h2>\t\t\t\t<\/div>\n\t\t\t\t<div class=\"elementor-element elementor-element-b430175 elementor-widget elementor-widget-text-editor\" data-id=\"b430175\" data-element_type=\"widget\" data-e-type=\"widget\" data-widget_type=\"text-editor.default\">\n\t\t\t\t\t\t\t\t\t<p>Con laboratorios atendidos por equipos altamente especializados y conformes a los est\u00e1ndares ISO 13485 y MDR, es posible garantizar un mantenimiento, reparaci\u00f3n y reacondicionamiento fiables, asegurando la c<b>ontinuidad operativa y el rendimiento \u00f3ptimo de los equipos cr\u00edticos.<\/b><\/p>\t\t\t\t\t\t\t\t<\/div>\n\t\t\t\t<\/div>\n\t\t<div class=\"elementor-element elementor-element-0738743 e-con-full elementor-hidden-mobile e-flex e-con e-child\" data-id=\"0738743\" data-element_type=\"container\" data-e-type=\"container\" data-settings=\"{&quot;background_background&quot;:&quot;classic&quot;,&quot;background_motion_fx_motion_fx_scrolling&quot;:&quot;yes&quot;,&quot;background_motion_fx_scale_effect&quot;:&quot;yes&quot;,&quot;background_motion_fx_scale_direction&quot;:&quot;out-in&quot;,&quot;background_motion_fx_scale_speed&quot;:{&quot;unit&quot;:&quot;px&quot;,&quot;size&quot;:4,&quot;sizes&quot;:[]},&quot;background_motion_fx_scale_range&quot;:{&quot;unit&quot;:&quot;%&quot;,&quot;size&quot;:&quot;&quot;,&quot;sizes&quot;:{&quot;start&quot;:20,&quot;end&quot;:80}},&quot;background_motion_fx_devices&quot;:[&quot;desktop&quot;,&quot;tablet&quot;,&quot;mobile&quot;]}\">\n\t\t\t\t<\/div>\n\t\t\t\t<\/div>\n\t\t\t\t<\/div>\n\t\t<div class=\"elementor-element elementor-element-b3c766a e-con-full e-flex e-con e-parent\" data-id=\"b3c766a\" data-element_type=\"container\" data-e-type=\"container\">\n\t\t<div class=\"elementor-element elementor-element-089bc52 e-grid e-con-full e-con e-child\" data-id=\"089bc52\" data-element_type=\"container\" data-e-type=\"container\">\n\t\t<div class=\"elementor-element elementor-element-d199166 e-con-full elementor-hidden-mobile e-flex e-con e-child\" data-id=\"d199166\" data-element_type=\"container\" data-e-type=\"container\" data-settings=\"{&quot;background_background&quot;:&quot;classic&quot;,&quot;background_motion_fx_motion_fx_scrolling&quot;:&quot;yes&quot;,&quot;background_motion_fx_scale_effect&quot;:&quot;yes&quot;,&quot;background_motion_fx_scale_direction&quot;:&quot;out-in&quot;,&quot;background_motion_fx_scale_speed&quot;:{&quot;unit&quot;:&quot;px&quot;,&quot;size&quot;:4,&quot;sizes&quot;:[]},&quot;background_motion_fx_scale_range&quot;:{&quot;unit&quot;:&quot;%&quot;,&quot;size&quot;:&quot;&quot;,&quot;sizes&quot;:{&quot;start&quot;:20,&quot;end&quot;:80}},&quot;background_motion_fx_devices&quot;:[&quot;desktop&quot;,&quot;tablet&quot;,&quot;mobile&quot;]}\">\n\t\t\t\t<\/div>\n\t\t<div class=\"elementor-element elementor-element-07df357 e-con-full e-flex e-con e-child\" data-id=\"07df357\" data-element_type=\"container\" data-e-type=\"container\" data-settings=\"{&quot;background_background&quot;:&quot;classic&quot;,&quot;background_motion_fx_motion_fx_scrolling&quot;:&quot;yes&quot;,&quot;background_motion_fx_scale_effect&quot;:&quot;yes&quot;,&quot;background_motion_fx_scale_direction&quot;:&quot;out-in&quot;,&quot;background_motion_fx_scale_speed&quot;:{&quot;unit&quot;:&quot;px&quot;,&quot;size&quot;:4,&quot;sizes&quot;:[]},&quot;background_motion_fx_scale_range&quot;:{&quot;unit&quot;:&quot;%&quot;,&quot;size&quot;:&quot;&quot;,&quot;sizes&quot;:{&quot;start&quot;:20,&quot;end&quot;:80}},&quot;background_motion_fx_devices&quot;:[&quot;desktop&quot;,&quot;tablet&quot;,&quot;mobile&quot;]}\">\n\t\t\t\t<div class=\"elementor-element elementor-element-2a40ba4 elementor-widget elementor-widget-heading\" data-id=\"2a40ba4\" data-element_type=\"widget\" data-e-type=\"widget\" data-widget_type=\"heading.default\">\n\t\t\t\t\t<h2 class=\"elementor-heading-title elementor-size-default\">\u00c1reas de competencia<\/h2>\t\t\t\t<\/div>\n\t\t\t\t<div class=\"elementor-element elementor-element-ce9bf5c elementor-widget elementor-widget-text-editor\" data-id=\"ce9bf5c\" data-element_type=\"widget\" data-e-type=\"widget\" data-widget_type=\"text-editor.default\">\n\t\t\t\t\t\t\t\t\t<p>En los laboratorios se realizan <b>reparaciones \u00f3pticas y mec\u00e1nicas<\/b> de endoscopios r\u00edgidos y flexibles, <b>mantenimiento y reacondicionamiento de sondas de ecograf\u00eda, e intervenciones en dispositivos de ventilaci\u00f3n y cuidados intensivos.<\/b> <\/p><p>Los <b>controles peri\u00f3dicos<\/b> y el <b>mantenimiento preventivo<\/b> ayudan a mantener los equipos siempre operativos, mientras que los equipos de sustituci\u00f3n y los servicios de alquiler <b>minimizan los tiempos de inactividad.<\/b><\/p><p>De este modo, los laboratorios <b>garantizan seguridad, fiabilidad y continuidad operativa para dispositivos cr\u00edticos<\/b>, ofreciendo una alternativa flexible y tiempos de respuesta r\u00e1pidos para centros sanitarios de cualquier tama\u00f1o.<\/p>\t\t\t\t\t\t\t\t<\/div>\n\t\t\t\t<\/div>\n\t\t\t\t<\/div>\n\t\t\t\t<\/div>\n\t\t\t\t<\/div>\n\t\t","protected":false},"excerpt":{"rendered":"<p>Servicios T\u00e9cnicos Especializados Los laboratorios verticales ofrecen soluciones especializadas para la gesti\u00f3n de dispositivos de alta complejidad, incluidos sistemas de [&hellip;]<\/p>\n","protected":false},"author":1,"featured_media":0,"parent":0,"menu_order":0,"comment_status":"closed","ping_status":"closed","template":"","meta":{"site-sidebar-layout":"no-sidebar","site-content-layout":"","ast-site-content-layout":"full-width-container","site-content-style":"default","site-sidebar-style":"default","ast-global-header-display":"disabled","ast-banner-title-visibility":"disabled","ast-main-header-display":"","ast-hfb-above-header-display":"","ast-hfb-below-header-display":"","ast-hfb-mobile-header-display":"","site-post-title":"","ast-breadcrumbs-content":"","ast-featured-img":"disabled","footer-sml-layout":"disabled","ast-disable-related-posts":"","theme-transparent-header-meta":"","adv-header-id-meta":"","stick-header-meta":"","header-above-stick-meta":"","header-main-stick-meta":"","header-below-stick-meta":"","astra-migrate-meta-layouts":"default","ast-page-background-enabled":"default","ast-page-background-meta":{"desktop":{"background-color":"var(--ast-global-color-5)","background-image":"","background-repeat":"repeat","background-position":"center center","background-size":"auto","background-attachment":"scroll","background-type":"","background-media":"","overlay-type":"","overlay-color":"","overlay-opacity":"","overlay-gradient":""},"tablet":{"background-color":"","background-image":"","background-repeat":"repeat","background-position":"center center","background-size":"auto","background-attachment":"scroll","background-type":"","background-media":"","overlay-type":"","overlay-color":"","overlay-opacity":"","overlay-gradient":""},"mobile":{"background-color":"","background-image":"","background-repeat":"repeat","background-position":"center center","background-size":"auto","background-attachment":"scroll","background-type":"","background-media":"","overlay-type":"","overlay-color":"","overlay-opacity":"","overlay-gradient":""}},"ast-content-background-meta":{"desktop":{"background-color":"var(--ast-global-color-4)","background-image":"","background-repeat":"repeat","background-position":"center center","background-size":"auto","background-attachment":"scroll","background-type":"","background-media":"","overlay-type":"","overlay-color":"","overlay-opacity":"","overlay-gradient":""},"tablet":{"background-color":"var(--ast-global-color-4)","background-image":"","background-repeat":"repeat","background-position":"center center","background-size":"auto","background-attachment":"scroll","background-type":"","background-media":"","overlay-type":"","overlay-color":"","overlay-opacity":"","overlay-gradient":""},"mobile":{"background-color":"var(--ast-global-color-4)","background-image":"","background-repeat":"repeat","background-position":"center center","background-size":"auto","background-attachment":"scroll","background-type":"","background-media":"","overlay-type":"","overlay-color":"","overlay-opacity":"","overlay-gradient":""}},"footnotes":""},"class_list":["post-2096","page","type-page","status-publish","hentry"],"yoast_head":"<!-- This site is optimized with the Yoast SEO plugin v27.5 - https:\/\/yoast.com\/product\/yoast-seo-wordpress\/ -->\n<title>Servicios T\u00e9cnicos Especializados - Medisolve - Health tech solutions<\/title>\n<meta name=\"robots\" content=\"index, follow, max-snippet:-1, max-image-preview:large, max-video-preview:-1\" \/>\n<link rel=\"canonical\" href=\"https:\/\/medisolve.eu\/es\/laboratorios-verticales\/\" \/>\n<meta property=\"og:locale\" content=\"es_ES\" \/>\n<meta property=\"og:type\" content=\"article\" \/>\n<meta property=\"og:title\" content=\"Servicios T\u00e9cnicos Especializados - Medisolve - Health tech solutions\" \/>\n<meta property=\"og:description\" content=\"Servicios T\u00e9cnicos Especializados Los laboratorios verticales ofrecen soluciones especializadas para la gesti\u00f3n de dispositivos de alta complejidad, incluidos sistemas de [&hellip;]\" \/>\n<meta property=\"og:url\" content=\"https:\/\/medisolve.eu\/es\/laboratorios-verticales\/\" \/>\n<meta property=\"og:site_name\" content=\"Medisolve - Health tech solutions\" \/>\n<meta property=\"article:modified_time\" content=\"2026-04-28T14:43:01+00:00\" \/>\n<meta name=\"twitter:card\" content=\"summary_large_image\" \/>\n<meta name=\"twitter:label1\" content=\"Tiempo de lectura\" \/>\n\t<meta name=\"twitter:data1\" content=\"1 minuto\" \/>\n<script type=\"application\/ld+json\" class=\"yoast-schema-graph\">{\"@context\":\"https:\\\/\\\/schema.org\",\"@graph\":[{\"@type\":\"WebPage\",\"@id\":\"https:\\\/\\\/medisolve.eu\\\/es\\\/laboratorios-verticales\\\/\",\"url\":\"https:\\\/\\\/medisolve.eu\\\/es\\\/laboratorios-verticales\\\/\",\"name\":\"Servicios T\u00e9cnicos Especializados - Medisolve - Health tech solutions\",\"isPartOf\":{\"@id\":\"https:\\\/\\\/medisolve.eu\\\/es\\\/#website\"},\"datePublished\":\"2025-11-18T08:40:29+00:00\",\"dateModified\":\"2026-04-28T14:43:01+00:00\",\"breadcrumb\":{\"@id\":\"https:\\\/\\\/medisolve.eu\\\/es\\\/laboratorios-verticales\\\/#breadcrumb\"},\"inLanguage\":\"es\",\"potentialAction\":[{\"@type\":\"ReadAction\",\"target\":[\"https:\\\/\\\/medisolve.eu\\\/es\\\/laboratorios-verticales\\\/\"]}]},{\"@type\":\"BreadcrumbList\",\"@id\":\"https:\\\/\\\/medisolve.eu\\\/es\\\/laboratorios-verticales\\\/#breadcrumb\",\"itemListElement\":[{\"@type\":\"ListItem\",\"position\":1,\"name\":\"Home\",\"item\":\"https:\\\/\\\/medisolve.eu\\\/es\\\/\"},{\"@type\":\"ListItem\",\"position\":2,\"name\":\"Servicios T\u00e9cnicos Especializados\"}]},{\"@type\":\"WebSite\",\"@id\":\"https:\\\/\\\/medisolve.eu\\\/es\\\/#website\",\"url\":\"https:\\\/\\\/medisolve.eu\\\/es\\\/\",\"name\":\"Medisolve - Health tech solutions\",\"description\":\"\",\"publisher\":{\"@id\":\"https:\\\/\\\/medisolve.eu\\\/es\\\/#organization\"},\"potentialAction\":[{\"@type\":\"SearchAction\",\"target\":{\"@type\":\"EntryPoint\",\"urlTemplate\":\"https:\\\/\\\/medisolve.eu\\\/es\\\/?s={search_term_string}\"},\"query-input\":{\"@type\":\"PropertyValueSpecification\",\"valueRequired\":true,\"valueName\":\"search_term_string\"}}],\"inLanguage\":\"es\"},{\"@type\":\"Organization\",\"@id\":\"https:\\\/\\\/medisolve.eu\\\/es\\\/#organization\",\"name\":\"Medisolve - Health tech solutions\",\"url\":\"https:\\\/\\\/medisolve.eu\\\/es\\\/\",\"logo\":{\"@type\":\"ImageObject\",\"inLanguage\":\"es\",\"@id\":\"https:\\\/\\\/medisolve.eu\\\/es\\\/#\\\/schema\\\/logo\\\/image\\\/\",\"url\":\"https:\\\/\\\/medisolve.eu\\\/wp-content\\\/uploads\\\/2025\\\/10\\\/cropped-logo-2.png\",\"contentUrl\":\"https:\\\/\\\/medisolve.eu\\\/wp-content\\\/uploads\\\/2025\\\/10\\\/cropped-logo-2.png\",\"width\":1591,\"height\":253,\"caption\":\"Medisolve - Health tech solutions\"},\"image\":{\"@id\":\"https:\\\/\\\/medisolve.eu\\\/es\\\/#\\\/schema\\\/logo\\\/image\\\/\"}}]}<\/script>\n<!-- \/ Yoast SEO plugin. -->","yoast_head_json":{"title":"Servicios T\u00e9cnicos Especializados - Medisolve - Health tech solutions","robots":{"index":"index","follow":"follow","max-snippet":"max-snippet:-1","max-image-preview":"max-image-preview:large","max-video-preview":"max-video-preview:-1"},"canonical":"https:\/\/medisolve.eu\/es\/laboratorios-verticales\/","og_locale":"es_ES","og_type":"article","og_title":"Servicios T\u00e9cnicos Especializados - Medisolve - Health tech solutions","og_description":"Servicios T\u00e9cnicos Especializados Los laboratorios verticales ofrecen soluciones especializadas para la gesti\u00f3n de dispositivos de alta complejidad, incluidos sistemas de [&hellip;]","og_url":"https:\/\/medisolve.eu\/es\/laboratorios-verticales\/","og_site_name":"Medisolve - Health tech solutions","article_modified_time":"2026-04-28T14:43:01+00:00","twitter_card":"summary_large_image","twitter_misc":{"Tiempo de lectura":"1 minuto"},"schema":{"@context":"https:\/\/schema.org","@graph":[{"@type":"WebPage","@id":"https:\/\/medisolve.eu\/es\/laboratorios-verticales\/","url":"https:\/\/medisolve.eu\/es\/laboratorios-verticales\/","name":"Servicios T\u00e9cnicos Especializados - Medisolve - Health tech solutions","isPartOf":{"@id":"https:\/\/medisolve.eu\/es\/#website"},"datePublished":"2025-11-18T08:40:29+00:00","dateModified":"2026-04-28T14:43:01+00:00","breadcrumb":{"@id":"https:\/\/medisolve.eu\/es\/laboratorios-verticales\/#breadcrumb"},"inLanguage":"es","potentialAction":[{"@type":"ReadAction","target":["https:\/\/medisolve.eu\/es\/laboratorios-verticales\/"]}]},{"@type":"BreadcrumbList","@id":"https:\/\/medisolve.eu\/es\/laboratorios-verticales\/#breadcrumb","itemListElement":[{"@type":"ListItem","position":1,"name":"Home","item":"https:\/\/medisolve.eu\/es\/"},{"@type":"ListItem","position":2,"name":"Servicios T\u00e9cnicos Especializados"}]},{"@type":"WebSite","@id":"https:\/\/medisolve.eu\/es\/#website","url":"https:\/\/medisolve.eu\/es\/","name":"Medisolve - Health tech solutions","description":"","publisher":{"@id":"https:\/\/medisolve.eu\/es\/#organization"},"potentialAction":[{"@type":"SearchAction","target":{"@type":"EntryPoint","urlTemplate":"https:\/\/medisolve.eu\/es\/?s={search_term_string}"},"query-input":{"@type":"PropertyValueSpecification","valueRequired":true,"valueName":"search_term_string"}}],"inLanguage":"es"},{"@type":"Organization","@id":"https:\/\/medisolve.eu\/es\/#organization","name":"Medisolve - Health tech solutions","url":"https:\/\/medisolve.eu\/es\/","logo":{"@type":"ImageObject","inLanguage":"es","@id":"https:\/\/medisolve.eu\/es\/#\/schema\/logo\/image\/","url":"https:\/\/medisolve.eu\/wp-content\/uploads\/2025\/10\/cropped-logo-2.png","contentUrl":"https:\/\/medisolve.eu\/wp-content\/uploads\/2025\/10\/cropped-logo-2.png","width":1591,"height":253,"caption":"Medisolve - Health tech solutions"},"image":{"@id":"https:\/\/medisolve.eu\/es\/#\/schema\/logo\/image\/"}}]}},"_links":{"self":[{"href":"https:\/\/medisolve.eu\/es\/wp-json\/wp\/v2\/pages\/2096","targetHints":{"allow":["GET"]}}],"collection":[{"href":"https:\/\/medisolve.eu\/es\/wp-json\/wp\/v2\/pages"}],"about":[{"href":"https:\/\/medisolve.eu\/es\/wp-json\/wp\/v2\/types\/page"}],"author":[{"embeddable":true,"href":"https:\/\/medisolve.eu\/es\/wp-json\/wp\/v2\/users\/1"}],"replies":[{"embeddable":true,"href":"https:\/\/medisolve.eu\/es\/wp-json\/wp\/v2\/comments?post=2096"}],"version-history":[{"count":7,"href":"https:\/\/medisolve.eu\/es\/wp-json\/wp\/v2\/pages\/2096\/revisions"}],"predecessor-version":[{"id":3100,"href":"https:\/\/medisolve.eu\/es\/wp-json\/wp\/v2\/pages\/2096\/revisions\/3100"}],"wp:attachment":[{"href":"https:\/\/medisolve.eu\/es\/wp-json\/wp\/v2\/media?parent=2096"}],"curies":[{"name":"wp","href":"https:\/\/api.w.org\/{rel}","templated":true}]}}