{"id":2083,"date":"2025-11-18T09:33:05","date_gmt":"2025-11-18T08:33:05","guid":{"rendered":"https:\/\/medisolve.eu\/servicios-integrados\/"},"modified":"2026-04-28T15:18:31","modified_gmt":"2026-04-28T14:18:31","slug":"servicios-integrados","status":"publish","type":"page","link":"https:\/\/medisolve.eu\/es\/servicios-integrados\/","title":{"rendered":"Servicios integrados"},"content":{"rendered":"\t\t<div data-elementor-type=\"wp-page\" data-elementor-id=\"2083\" class=\"elementor elementor-2083 elementor-1710\" data-elementor-post-type=\"page\">\n\t\t\t\t<div class=\"elementor-element elementor-element-1b037ab e-flex e-con-boxed e-con e-parent\" data-id=\"1b037ab\" data-element_type=\"container\" data-e-type=\"container\" data-settings=\"{&quot;background_background&quot;:&quot;classic&quot;}\">\n\t\t\t\t\t<div class=\"e-con-inner\">\n\t\t<div class=\"elementor-element elementor-element-fe2da87 e-con-full e-flex e-con e-child\" data-id=\"fe2da87\" data-element_type=\"container\" data-e-type=\"container\">\n\t\t<div class=\"elementor-element elementor-element-6741397 e-con-full e-flex e-con e-child\" data-id=\"6741397\" data-element_type=\"container\" data-e-type=\"container\">\n\t\t<div class=\"elementor-element elementor-element-aeea9ee e-con-full e-flex e-con e-child\" data-id=\"aeea9ee\" data-element_type=\"container\" data-e-type=\"container\" data-settings=\"{&quot;background_background&quot;:&quot;classic&quot;}\">\n\t\t\t\t<div class=\"elementor-element elementor-element-0be7dfb elementor-widget elementor-widget-heading\" data-id=\"0be7dfb\" data-element_type=\"widget\" data-e-type=\"widget\" data-widget_type=\"heading.default\">\n\t\t\t\t\t<h1 class=\"elementor-heading-title elementor-size-default\">Servicios integrados\n<\/h1>\t\t\t\t<\/div>\n\t\t\t\t<div class=\"elementor-element elementor-element-b021928 elementor-widget elementor-widget-text-editor\" data-id=\"b021928\" data-element_type=\"widget\" data-e-type=\"widget\" data-widget_type=\"text-editor.default\">\n\t\t\t\t\t\t\t\t\t<p>En Medisolve ofrecemos servicios de ingenier\u00eda cl\u00ednica para la <b>gesti\u00f3n integrada del parque tecnol\u00f3gico biom\u00e9dico, apoyando a los centros sanitarios en la gesti\u00f3n segura y adecuada<\/b> de cada fase del ciclo de vida de los equipos. <\/p><p>Gracias a un enfoque modular y certificado, es posible garantizar <b>intervenciones r\u00e1pidas, verificaciones de seguridad y funcionalidad, asesoramiento t\u00e9cnico y formaci\u00f3n del personal<\/b>, optimizando la eficiencia y la calidad del rendimiento de los equipos.<\/p>\t\t\t\t\t\t\t\t<\/div>\n\t\t\t\t<\/div>\n\t\t<div class=\"elementor-element elementor-element-857e2a8 e-con-full e-flex e-con e-child\" data-id=\"857e2a8\" data-element_type=\"container\" data-e-type=\"container\">\n\t\t\t\t<div class=\"elementor-element elementor-element-82019bc elementor-widget elementor-widget-video\" data-id=\"82019bc\" data-element_type=\"widget\" data-e-type=\"widget\" data-settings=\"{&quot;video_type&quot;:&quot;hosted&quot;,&quot;show_image_overlay&quot;:&quot;yes&quot;,&quot;image_overlay&quot;:{&quot;url&quot;:&quot;https:\\\/\\\/medisolve.eu\\\/wp-content\\\/uploads\\\/2025\\\/11\\\/serviziIntegrati-1-scaled.jpg&quot;,&quot;id&quot;:1951,&quot;size&quot;:&quot;&quot;,&quot;alt&quot;:&quot;&quot;,&quot;source&quot;:&quot;library&quot;},&quot;controls&quot;:&quot;yes&quot;}\" data-widget_type=\"video.default\">\n\t\t\t\t\t\t\t<div class=\"e-hosted-video elementor-wrapper elementor-open-inline\">\n\t\t\t\t\t<video class=\"elementor-video\" src=\"https:\/\/medisolve.eu\/servizi_integrati_eng.mp4\" controls=\"\" preload=\"metadata\" controlsList=\"nodownload\"><\/video>\n\t\t\t\t\t\t<div class=\"elementor-custom-embed-image-overlay\" style=\"background-image: url(https:\/\/medisolve.eu\/wp-content\/uploads\/2025\/11\/serviziIntegrati-1-scaled.jpg);\">\n\t\t\t\t\t\t\t\t\t\t\t\t\t\t\t\t<div class=\"elementor-custom-embed-play\" role=\"button\" aria-label=\"Reproducir v\u00eddeo\" tabindex=\"0\">\n\t\t\t\t\t\t\t<i aria-hidden=\"true\" class=\"icon icon-play\"><\/i>\t\t\t\t\t\t<\/div>\n\t\t\t\t\t\t\t\t\t<\/div>\n\t\t\t\t\t<\/div>\n\t\t\t\t\t\t<\/div>\n\t\t\t\t<\/div>\n\t\t\t\t<\/div>\n\t\t\t\t<\/div>\n\t\t\t\t\t<\/div>\n\t\t\t\t<\/div>\n\t\t<div class=\"elementor-element elementor-element-f379dc0 elementor-hidden-desktop elementor-hidden-tablet elementor-hidden-mobile e-flex e-con-boxed e-con e-parent\" data-id=\"f379dc0\" data-element_type=\"container\" data-e-type=\"container\" data-settings=\"{&quot;background_background&quot;:&quot;classic&quot;}\">\n\t\t\t\t\t<div class=\"e-con-inner\">\n\t\t<div class=\"elementor-element elementor-element-4593602 e-con-full e-flex e-con e-child\" data-id=\"4593602\" data-element_type=\"container\" data-e-type=\"container\">\n\t\t\t\t<div class=\"elementor-element elementor-element-59f2afd elementor-widget elementor-widget-heading\" data-id=\"59f2afd\" data-element_type=\"widget\" data-e-type=\"widget\" data-widget_type=\"heading.default\">\n\t\t\t\t\t<h1 class=\"elementor-heading-title elementor-size-default\">Servicios integrados\n<\/h1>\t\t\t\t<\/div>\n\t\t\t\t<div class=\"elementor-element elementor-element-6aaa18f elementor-widget elementor-widget-text-editor\" data-id=\"6aaa18f\" data-element_type=\"widget\" data-e-type=\"widget\" data-widget_type=\"text-editor.default\">\n\t\t\t\t\t\t\t\t\t<p>En Medisolve ofrecemos servicios de ingenier\u00eda cl\u00ednica para la <b>gesti\u00f3n integrada del parque tecnol\u00f3gico biom\u00e9dico, apoyando a los centros sanitarios en la gesti\u00f3n segura y adecuada<\/b> de cada fase del ciclo de vida de los equipos. <\/p><p><br>Gracias a un enfoque modular y certificado, es posible garantizar <b>intervenciones r\u00e1pidas, verificaciones de seguridad y funcionalidad, asesoramiento t\u00e9cnico y formaci\u00f3n del personal<\/b>, optimizando la eficiencia y la calidad del rendimiento de los equipos.<\/p>\t\t\t\t\t\t\t\t<\/div>\n\t\t\t\t<\/div>\n\t\t\t\t\t<\/div>\n\t\t\t\t<\/div>\n\t\t<div class=\"elementor-element elementor-element-e50e0e5 e-con-full e-flex e-con e-parent\" data-id=\"e50e0e5\" data-element_type=\"container\" data-e-type=\"container\">\n\t\t<div class=\"elementor-element elementor-element-9d82771 e-grid e-con-full e-con e-child\" data-id=\"9d82771\" data-element_type=\"container\" data-e-type=\"container\">\n\t\t<div class=\"elementor-element elementor-element-09f7ece e-con-full e-flex e-con e-child\" data-id=\"09f7ece\" data-element_type=\"container\" data-e-type=\"container\" data-settings=\"{&quot;background_background&quot;:&quot;classic&quot;,&quot;background_motion_fx_motion_fx_scrolling&quot;:&quot;yes&quot;,&quot;background_motion_fx_scale_effect&quot;:&quot;yes&quot;,&quot;background_motion_fx_scale_direction&quot;:&quot;out-in&quot;,&quot;background_motion_fx_scale_speed&quot;:{&quot;unit&quot;:&quot;px&quot;,&quot;size&quot;:4,&quot;sizes&quot;:[]},&quot;background_motion_fx_scale_range&quot;:{&quot;unit&quot;:&quot;%&quot;,&quot;size&quot;:&quot;&quot;,&quot;sizes&quot;:{&quot;start&quot;:20,&quot;end&quot;:80}},&quot;background_motion_fx_devices&quot;:[&quot;desktop&quot;,&quot;tablet&quot;,&quot;mobile&quot;]}\">\n\t\t\t\t<div class=\"elementor-element elementor-element-4da55a7 elementor-widget elementor-widget-heading\" data-id=\"4da55a7\" data-element_type=\"widget\" data-e-type=\"widget\" data-widget_type=\"heading.default\">\n\t\t\t\t\t<h2 class=\"elementor-heading-title elementor-size-default\">Nuestro enfoque <\/h2>\t\t\t\t<\/div>\n\t\t\t\t<div class=\"elementor-element elementor-element-b430175 elementor-widget elementor-widget-text-editor\" data-id=\"b430175\" data-element_type=\"widget\" data-e-type=\"widget\" data-widget_type=\"text-editor.default\">\n\t\t\t\t\t\t\t\t\t<p>Gracias a <b>soluciones modulares, flexibles y de vanguardia<\/b>, apoyamos a los clientes en cada fase: desde el an\u00e1lisis de necesidades hasta la gesti\u00f3n diaria de los dispositivos m\u00e9dicos, pasando por la planificaci\u00f3n de las renovaciones tecnol\u00f3gicas. <\/p><p><br>Ofrecemos un <b>enfoque estrat\u00e9gico y personalizado<\/b>, capaz de garantizar la operatividad continua y la evoluci\u00f3n tecnol\u00f3gica de las infraestructuras sanitarias, con atenci\u00f3n a los resultados.<\/p>\t\t\t\t\t\t\t\t<\/div>\n\t\t\t\t<\/div>\n\t\t<div class=\"elementor-element elementor-element-0738743 e-con-full elementor-hidden-mobile e-flex e-con e-child\" data-id=\"0738743\" data-element_type=\"container\" data-e-type=\"container\" data-settings=\"{&quot;background_background&quot;:&quot;classic&quot;,&quot;background_motion_fx_motion_fx_scrolling&quot;:&quot;yes&quot;,&quot;background_motion_fx_scale_effect&quot;:&quot;yes&quot;,&quot;background_motion_fx_scale_direction&quot;:&quot;out-in&quot;,&quot;background_motion_fx_scale_speed&quot;:{&quot;unit&quot;:&quot;px&quot;,&quot;size&quot;:4,&quot;sizes&quot;:[]},&quot;background_motion_fx_scale_range&quot;:{&quot;unit&quot;:&quot;%&quot;,&quot;size&quot;:&quot;&quot;,&quot;sizes&quot;:{&quot;start&quot;:20,&quot;end&quot;:80}},&quot;background_motion_fx_devices&quot;:[&quot;desktop&quot;,&quot;tablet&quot;,&quot;mobile&quot;]}\">\n\t\t\t\t<\/div>\n\t\t\t\t<\/div>\n\t\t\t\t<\/div>\n\t\t<div class=\"elementor-element elementor-element-b3c766a e-con-full e-flex e-con e-parent\" data-id=\"b3c766a\" data-element_type=\"container\" data-e-type=\"container\">\n\t\t<div class=\"elementor-element elementor-element-089bc52 e-grid e-con-full e-con e-child\" data-id=\"089bc52\" data-element_type=\"container\" data-e-type=\"container\">\n\t\t<div class=\"elementor-element elementor-element-d199166 e-con-full elementor-hidden-mobile e-flex e-con e-child\" data-id=\"d199166\" data-element_type=\"container\" data-e-type=\"container\" data-settings=\"{&quot;background_background&quot;:&quot;classic&quot;,&quot;background_motion_fx_motion_fx_scrolling&quot;:&quot;yes&quot;,&quot;background_motion_fx_scale_effect&quot;:&quot;yes&quot;,&quot;background_motion_fx_scale_direction&quot;:&quot;out-in&quot;,&quot;background_motion_fx_scale_speed&quot;:{&quot;unit&quot;:&quot;px&quot;,&quot;size&quot;:4,&quot;sizes&quot;:[]},&quot;background_motion_fx_scale_range&quot;:{&quot;unit&quot;:&quot;%&quot;,&quot;size&quot;:&quot;&quot;,&quot;sizes&quot;:{&quot;start&quot;:20,&quot;end&quot;:80}},&quot;background_motion_fx_devices&quot;:[&quot;desktop&quot;,&quot;tablet&quot;,&quot;mobile&quot;]}\">\n\t\t\t\t<\/div>\n\t\t<div class=\"elementor-element elementor-element-07df357 e-con-full e-flex e-con e-child\" data-id=\"07df357\" data-element_type=\"container\" data-e-type=\"container\" data-settings=\"{&quot;background_background&quot;:&quot;classic&quot;,&quot;background_motion_fx_motion_fx_scrolling&quot;:&quot;yes&quot;,&quot;background_motion_fx_scale_effect&quot;:&quot;yes&quot;,&quot;background_motion_fx_scale_direction&quot;:&quot;out-in&quot;,&quot;background_motion_fx_scale_speed&quot;:{&quot;unit&quot;:&quot;px&quot;,&quot;size&quot;:4,&quot;sizes&quot;:[]},&quot;background_motion_fx_scale_range&quot;:{&quot;unit&quot;:&quot;%&quot;,&quot;size&quot;:&quot;&quot;,&quot;sizes&quot;:{&quot;start&quot;:20,&quot;end&quot;:80}},&quot;background_motion_fx_devices&quot;:[&quot;desktop&quot;,&quot;tablet&quot;,&quot;mobile&quot;]}\">\n\t\t\t\t<div class=\"elementor-element elementor-element-2a40ba4 elementor-widget elementor-widget-heading\" data-id=\"2a40ba4\" data-element_type=\"widget\" data-e-type=\"widget\" data-widget_type=\"heading.default\">\n\t\t\t\t\t<h2 class=\"elementor-heading-title elementor-size-default\">\u00c1reas de competencia<\/h2>\t\t\t\t<\/div>\n\t\t\t\t<div class=\"elementor-element elementor-element-ce9bf5c elementor-widget elementor-widget-text-editor\" data-id=\"ce9bf5c\" data-element_type=\"widget\" data-e-type=\"widget\" data-widget_type=\"text-editor.default\">\n\t\t\t\t\t\t\t\t\t<p>Los servicios incluyen <b>mantenimiento correctivo y preventivo<\/b>, controles funcionales y verificaciones de seguridad el\u00e9ctrica, adaptaci\u00f3n normativa y gesti\u00f3n de avisos de seguridad y retiradas de equipos. <\/p><p>Todos los equipos nuevos son sometidos a pruebas de aceptaci\u00f3n y registro informatizado, mientras que <b>herramientas digitales de gesti\u00f3n CMMS<\/b> se encargan de monitorizar en tiempo real las intervenciones, la actualizaci\u00f3n del almac\u00e9n y los indicadores de desempe\u00f1o. <\/p><p>Completan la oferta el asesoramiento t\u00e9cnico y de planificaci\u00f3n para la gesti\u00f3n tecnol\u00f3gica y<br>las inversiones, que, junto con programas de formaci\u00f3n dirigidos al personal t\u00e9cnico y<br>sanitario, <b>garantizan seguridad, fiabilidad y un uso \u00f3ptimo de las tecnolog\u00edas biom\u00e9dicas.<\/b><\/p>\t\t\t\t\t\t\t\t<\/div>\n\t\t\t\t<\/div>\n\t\t\t\t<\/div>\n\t\t\t\t<\/div>\n\t\t\t\t<\/div>\n\t\t","protected":false},"excerpt":{"rendered":"<p>Servicios integrados En Medisolve ofrecemos servicios de ingenier\u00eda cl\u00ednica para la gesti\u00f3n integrada del parque tecnol\u00f3gico biom\u00e9dico, apoyando a los [&hellip;]<\/p>\n","protected":false},"author":1,"featured_media":0,"parent":0,"menu_order":0,"comment_status":"closed","ping_status":"closed","template":"","meta":{"site-sidebar-layout":"no-sidebar","site-content-layout":"","ast-site-content-layout":"full-width-container","site-content-style":"default","site-sidebar-style":"default","ast-global-header-display":"disabled","ast-banner-title-visibility":"disabled","ast-main-header-display":"","ast-hfb-above-header-display":"","ast-hfb-below-header-display":"","ast-hfb-mobile-header-display":"","site-post-title":"","ast-breadcrumbs-content":"","ast-featured-img":"disabled","footer-sml-layout":"disabled","ast-disable-related-posts":"","theme-transparent-header-meta":"","adv-header-id-meta":"","stick-header-meta":"","header-above-stick-meta":"","header-main-stick-meta":"","header-below-stick-meta":"","astra-migrate-meta-layouts":"default","ast-page-background-enabled":"default","ast-page-background-meta":{"desktop":{"background-color":"var(--ast-global-color-5)","background-image":"","background-repeat":"repeat","background-position":"center center","background-size":"auto","background-attachment":"scroll","background-type":"","background-media":"","overlay-type":"","overlay-color":"","overlay-opacity":"","overlay-gradient":""},"tablet":{"background-color":"","background-image":"","background-repeat":"repeat","background-position":"center center","background-size":"auto","background-attachment":"scroll","background-type":"","background-media":"","overlay-type":"","overlay-color":"","overlay-opacity":"","overlay-gradient":""},"mobile":{"background-color":"","background-image":"","background-repeat":"repeat","background-position":"center center","background-size":"auto","background-attachment":"scroll","background-type":"","background-media":"","overlay-type":"","overlay-color":"","overlay-opacity":"","overlay-gradient":""}},"ast-content-background-meta":{"desktop":{"background-color":"var(--ast-global-color-4)","background-image":"","background-repeat":"repeat","background-position":"center center","background-size":"auto","background-attachment":"scroll","background-type":"","background-media":"","overlay-type":"","overlay-color":"","overlay-opacity":"","overlay-gradient":""},"tablet":{"background-color":"var(--ast-global-color-4)","background-image":"","background-repeat":"repeat","background-position":"center center","background-size":"auto","background-attachment":"scroll","background-type":"","background-media":"","overlay-type":"","overlay-color":"","overlay-opacity":"","overlay-gradient":""},"mobile":{"background-color":"var(--ast-global-color-4)","background-image":"","background-repeat":"repeat","background-position":"center center","background-size":"auto","background-attachment":"scroll","background-type":"","background-media":"","overlay-type":"","overlay-color":"","overlay-opacity":"","overlay-gradient":""}},"footnotes":""},"class_list":["post-2083","page","type-page","status-publish","hentry"],"yoast_head":"<!-- This site is optimized with the Yoast SEO plugin v27.5 - https:\/\/yoast.com\/product\/yoast-seo-wordpress\/ -->\n<title>Servicios integrados - Medisolve - Health tech solutions<\/title>\n<meta name=\"robots\" content=\"index, follow, max-snippet:-1, max-image-preview:large, max-video-preview:-1\" \/>\n<link rel=\"canonical\" href=\"https:\/\/medisolve.eu\/es\/servicios-integrados\/\" \/>\n<meta property=\"og:locale\" content=\"es_ES\" \/>\n<meta property=\"og:type\" content=\"article\" \/>\n<meta property=\"og:title\" content=\"Servicios integrados - Medisolve - Health tech solutions\" \/>\n<meta property=\"og:description\" content=\"Servicios integrados En Medisolve ofrecemos servicios de ingenier\u00eda cl\u00ednica para la gesti\u00f3n integrada del parque tecnol\u00f3gico biom\u00e9dico, apoyando a los [&hellip;]\" \/>\n<meta property=\"og:url\" content=\"https:\/\/medisolve.eu\/es\/servicios-integrados\/\" \/>\n<meta property=\"og:site_name\" content=\"Medisolve - Health tech solutions\" \/>\n<meta property=\"article:modified_time\" content=\"2026-04-28T14:18:31+00:00\" \/>\n<meta name=\"twitter:card\" content=\"summary_large_image\" \/>\n<meta name=\"twitter:label1\" content=\"Tiempo de lectura\" \/>\n\t<meta name=\"twitter:data1\" content=\"2 minutos\" \/>\n<script type=\"application\/ld+json\" class=\"yoast-schema-graph\">{\"@context\":\"https:\\\/\\\/schema.org\",\"@graph\":[{\"@type\":\"WebPage\",\"@id\":\"https:\\\/\\\/medisolve.eu\\\/es\\\/servicios-integrados\\\/\",\"url\":\"https:\\\/\\\/medisolve.eu\\\/es\\\/servicios-integrados\\\/\",\"name\":\"Servicios integrados - Medisolve - Health tech solutions\",\"isPartOf\":{\"@id\":\"https:\\\/\\\/medisolve.eu\\\/es\\\/#website\"},\"datePublished\":\"2025-11-18T08:33:05+00:00\",\"dateModified\":\"2026-04-28T14:18:31+00:00\",\"breadcrumb\":{\"@id\":\"https:\\\/\\\/medisolve.eu\\\/es\\\/servicios-integrados\\\/#breadcrumb\"},\"inLanguage\":\"es\",\"potentialAction\":[{\"@type\":\"ReadAction\",\"target\":[\"https:\\\/\\\/medisolve.eu\\\/es\\\/servicios-integrados\\\/\"]}]},{\"@type\":\"BreadcrumbList\",\"@id\":\"https:\\\/\\\/medisolve.eu\\\/es\\\/servicios-integrados\\\/#breadcrumb\",\"itemListElement\":[{\"@type\":\"ListItem\",\"position\":1,\"name\":\"Home\",\"item\":\"https:\\\/\\\/medisolve.eu\\\/es\\\/\"},{\"@type\":\"ListItem\",\"position\":2,\"name\":\"Servicios integrados\"}]},{\"@type\":\"WebSite\",\"@id\":\"https:\\\/\\\/medisolve.eu\\\/es\\\/#website\",\"url\":\"https:\\\/\\\/medisolve.eu\\\/es\\\/\",\"name\":\"Medisolve - Health tech solutions\",\"description\":\"\",\"publisher\":{\"@id\":\"https:\\\/\\\/medisolve.eu\\\/es\\\/#organization\"},\"potentialAction\":[{\"@type\":\"SearchAction\",\"target\":{\"@type\":\"EntryPoint\",\"urlTemplate\":\"https:\\\/\\\/medisolve.eu\\\/es\\\/?s={search_term_string}\"},\"query-input\":{\"@type\":\"PropertyValueSpecification\",\"valueRequired\":true,\"valueName\":\"search_term_string\"}}],\"inLanguage\":\"es\"},{\"@type\":\"Organization\",\"@id\":\"https:\\\/\\\/medisolve.eu\\\/es\\\/#organization\",\"name\":\"Medisolve - Health tech solutions\",\"url\":\"https:\\\/\\\/medisolve.eu\\\/es\\\/\",\"logo\":{\"@type\":\"ImageObject\",\"inLanguage\":\"es\",\"@id\":\"https:\\\/\\\/medisolve.eu\\\/es\\\/#\\\/schema\\\/logo\\\/image\\\/\",\"url\":\"https:\\\/\\\/medisolve.eu\\\/wp-content\\\/uploads\\\/2025\\\/10\\\/cropped-logo-2.png\",\"contentUrl\":\"https:\\\/\\\/medisolve.eu\\\/wp-content\\\/uploads\\\/2025\\\/10\\\/cropped-logo-2.png\",\"width\":1591,\"height\":253,\"caption\":\"Medisolve - Health tech solutions\"},\"image\":{\"@id\":\"https:\\\/\\\/medisolve.eu\\\/es\\\/#\\\/schema\\\/logo\\\/image\\\/\"}}]}<\/script>\n<!-- \/ Yoast SEO plugin. -->","yoast_head_json":{"title":"Servicios integrados - Medisolve - Health tech solutions","robots":{"index":"index","follow":"follow","max-snippet":"max-snippet:-1","max-image-preview":"max-image-preview:large","max-video-preview":"max-video-preview:-1"},"canonical":"https:\/\/medisolve.eu\/es\/servicios-integrados\/","og_locale":"es_ES","og_type":"article","og_title":"Servicios integrados - Medisolve - Health tech solutions","og_description":"Servicios integrados En Medisolve ofrecemos servicios de ingenier\u00eda cl\u00ednica para la gesti\u00f3n integrada del parque tecnol\u00f3gico biom\u00e9dico, apoyando a los [&hellip;]","og_url":"https:\/\/medisolve.eu\/es\/servicios-integrados\/","og_site_name":"Medisolve - Health tech solutions","article_modified_time":"2026-04-28T14:18:31+00:00","twitter_card":"summary_large_image","twitter_misc":{"Tiempo de lectura":"2 minutos"},"schema":{"@context":"https:\/\/schema.org","@graph":[{"@type":"WebPage","@id":"https:\/\/medisolve.eu\/es\/servicios-integrados\/","url":"https:\/\/medisolve.eu\/es\/servicios-integrados\/","name":"Servicios integrados - Medisolve - Health tech solutions","isPartOf":{"@id":"https:\/\/medisolve.eu\/es\/#website"},"datePublished":"2025-11-18T08:33:05+00:00","dateModified":"2026-04-28T14:18:31+00:00","breadcrumb":{"@id":"https:\/\/medisolve.eu\/es\/servicios-integrados\/#breadcrumb"},"inLanguage":"es","potentialAction":[{"@type":"ReadAction","target":["https:\/\/medisolve.eu\/es\/servicios-integrados\/"]}]},{"@type":"BreadcrumbList","@id":"https:\/\/medisolve.eu\/es\/servicios-integrados\/#breadcrumb","itemListElement":[{"@type":"ListItem","position":1,"name":"Home","item":"https:\/\/medisolve.eu\/es\/"},{"@type":"ListItem","position":2,"name":"Servicios integrados"}]},{"@type":"WebSite","@id":"https:\/\/medisolve.eu\/es\/#website","url":"https:\/\/medisolve.eu\/es\/","name":"Medisolve - Health tech solutions","description":"","publisher":{"@id":"https:\/\/medisolve.eu\/es\/#organization"},"potentialAction":[{"@type":"SearchAction","target":{"@type":"EntryPoint","urlTemplate":"https:\/\/medisolve.eu\/es\/?s={search_term_string}"},"query-input":{"@type":"PropertyValueSpecification","valueRequired":true,"valueName":"search_term_string"}}],"inLanguage":"es"},{"@type":"Organization","@id":"https:\/\/medisolve.eu\/es\/#organization","name":"Medisolve - Health tech solutions","url":"https:\/\/medisolve.eu\/es\/","logo":{"@type":"ImageObject","inLanguage":"es","@id":"https:\/\/medisolve.eu\/es\/#\/schema\/logo\/image\/","url":"https:\/\/medisolve.eu\/wp-content\/uploads\/2025\/10\/cropped-logo-2.png","contentUrl":"https:\/\/medisolve.eu\/wp-content\/uploads\/2025\/10\/cropped-logo-2.png","width":1591,"height":253,"caption":"Medisolve - Health tech solutions"},"image":{"@id":"https:\/\/medisolve.eu\/es\/#\/schema\/logo\/image\/"}}]}},"_links":{"self":[{"href":"https:\/\/medisolve.eu\/es\/wp-json\/wp\/v2\/pages\/2083","targetHints":{"allow":["GET"]}}],"collection":[{"href":"https:\/\/medisolve.eu\/es\/wp-json\/wp\/v2\/pages"}],"about":[{"href":"https:\/\/medisolve.eu\/es\/wp-json\/wp\/v2\/types\/page"}],"author":[{"embeddable":true,"href":"https:\/\/medisolve.eu\/es\/wp-json\/wp\/v2\/users\/1"}],"replies":[{"embeddable":true,"href":"https:\/\/medisolve.eu\/es\/wp-json\/wp\/v2\/comments?post=2083"}],"version-history":[{"count":8,"href":"https:\/\/medisolve.eu\/es\/wp-json\/wp\/v2\/pages\/2083\/revisions"}],"predecessor-version":[{"id":3071,"href":"https:\/\/medisolve.eu\/es\/wp-json\/wp\/v2\/pages\/2083\/revisions\/3071"}],"wp:attachment":[{"href":"https:\/\/medisolve.eu\/es\/wp-json\/wp\/v2\/media?parent=2083"}],"curies":[{"name":"wp","href":"https:\/\/api.w.org\/{rel}","templated":true}]}}